{"id":101,"date":"2024-12-09T20:33:28","date_gmt":"2024-12-09T23:33:28","guid":{"rendered":"https:\/\/radiocenterdigital.com\/new\/?page_id=101"},"modified":"2025-10-13T12:44:44","modified_gmt":"2025-10-13T15:44:44","slug":"a-iso-radiologia","status":"publish","type":"page","link":"https:\/\/radiocenterdigital.com\/new\/a-iso-radiologia\/","title":{"rendered":"A Radiocenter"},"content":{"rendered":"\t\t<div data-elementor-type=\"wp-page\" data-elementor-id=\"101\" class=\"elementor elementor-101\" data-elementor-post-type=\"page\">\n\t\t\t\t<div class=\"elementor-element elementor-element-605ee913 e-flex e-con-boxed e-con e-parent\" data-id=\"605ee913\" data-element_type=\"container\" data-e-type=\"container\" id=\"sobre\">\n\t\t\t\t\t<div class=\"e-con-inner\">\n\t\t<div class=\"elementor-element elementor-element-6500f4b1 e-con-full e-flex e-con e-child\" data-id=\"6500f4b1\" data-element_type=\"container\" data-e-type=\"container\">\n\t\t\t\t<div class=\"elementor-element elementor-element-360a6445 elementor-widget elementor-widget-image\" data-id=\"360a6445\" data-element_type=\"widget\" data-e-type=\"widget\" data-widget_type=\"image.default\">\n\t\t\t\t<div class=\"elementor-widget-container\">\n\t\t\t\t\t\t\t\t\t\t\t\t\t\t\t<img fetchpriority=\"high\" decoding=\"async\" width=\"1920\" height=\"2560\" src=\"https:\/\/radiocenterdigital.com\/new\/wp-content\/uploads\/2025\/03\/image00006-scaled.jpeg\" class=\"attachment-full size-full wp-image-7661\" alt=\"\" srcset=\"https:\/\/radiocenterdigital.com\/new\/wp-content\/uploads\/2025\/03\/image00006-scaled.jpeg 1920w, https:\/\/radiocenterdigital.com\/new\/wp-content\/uploads\/2025\/03\/image00006-225x300.jpeg 225w, https:\/\/radiocenterdigital.com\/new\/wp-content\/uploads\/2025\/03\/image00006-768x1024.jpeg 768w, https:\/\/radiocenterdigital.com\/new\/wp-content\/uploads\/2025\/03\/image00006-1152x1536.jpeg 1152w, https:\/\/radiocenterdigital.com\/new\/wp-content\/uploads\/2025\/03\/image00006-1536x2048.jpeg 1536w\" sizes=\"(max-width: 1920px) 100vw, 1920px\" \/>\t\t\t\t\t\t\t\t\t\t\t\t\t\t\t<\/div>\n\t\t\t\t<\/div>\n\t\t\t\t<\/div>\n\t\t<div class=\"elementor-element elementor-element-101ea19c e-con-full e-flex e-con e-child\" data-id=\"101ea19c\" data-element_type=\"container\" data-e-type=\"container\">\n\t\t\t\t<div class=\"elementor-element elementor-element-450b542f elementor-widget-divider--view-line_text elementor-widget-divider--element-align-left elementor-invisible elementor-widget elementor-widget-divider\" data-id=\"450b542f\" data-element_type=\"widget\" data-e-type=\"widget\" data-settings=\"{&quot;_animation&quot;:&quot;fadeInUp&quot;}\" data-widget_type=\"divider.default\">\n\t\t\t\t<div class=\"elementor-widget-container\">\n\t\t\t\t\t\t\t<div class=\"elementor-divider\">\n\t\t\t<span class=\"elementor-divider-separator\">\n\t\t\t\t\t\t\t<h3 class=\"elementor-divider__text elementor-divider__element\">\n\t\t\t\tQuem Somos\t\t\t\t<\/h3>\n\t\t\t\t\t\t<\/span>\n\t\t<\/div>\n\t\t\t\t\t\t<\/div>\n\t\t\t\t<\/div>\n\t\t\t\t<div class=\"elementor-element elementor-element-5451ce47 elementor-invisible elementor-widget elementor-widget-heading\" data-id=\"5451ce47\" data-element_type=\"widget\" data-e-type=\"widget\" data-settings=\"{&quot;_animation&quot;:&quot;fadeInUp&quot;,&quot;_animation_delay&quot;:200}\" data-widget_type=\"heading.default\">\n\t\t\t\t<div class=\"elementor-widget-container\">\n\t\t\t\t\t<h3 class=\"elementor-heading-title elementor-size-default\">A Radiocenter Digital<\/h3>\t\t\t\t<\/div>\n\t\t\t\t<\/div>\n\t\t\t\t<div class=\"elementor-element elementor-element-6a494a44 elementor-widget elementor-widget-text-editor\" data-id=\"6a494a44\" data-element_type=\"widget\" data-e-type=\"widget\" data-widget_type=\"text-editor.default\">\n\t\t\t\t<div class=\"elementor-widget-container\">\n\t\t\t\t\t\t\t\t\t<p class=\"aktivLight text-justify texto-quemSomos\">Desde 1998, a Radiocenter \u00e9 uma refer\u00eancia em Diagn\u00f3sticos Por Imagem em Odontologia.<\/p><p class=\"aktivLight text-justify texto-quemSomos\">Com duas unidades localizadas estrategicamente em Montes Claros|MG, todas dotadas de equipamentos de \u00faltima gera\u00e7\u00e3o, propiciando acesso \u00e0s mais modernas tecnologias que garantem qualidade no exame, agilidade na disponibiliza\u00e7\u00e3o de resultados e seguran\u00e7a diagn\u00f3stica.<\/p><p class=\"aktivLight text-justify texto-quemSomos\">Equipe t\u00e9cnica formada por profissionais altamente qualificados e em permanente atualiza\u00e7\u00e3o, que garantem um atendimento de alto n\u00edvel e excel\u00eancia em diagn\u00f3stico.<\/p>\t\t\t\t\t\t\t\t<\/div>\n\t\t\t\t<\/div>\n\t\t<div class=\"elementor-element elementor-element-378856c6 e-con-full e-flex e-con e-child\" data-id=\"378856c6\" data-element_type=\"container\" data-e-type=\"container\">\n\t\t<div class=\"elementor-element elementor-element-39585558 e-con-full e-flex e-con e-child\" data-id=\"39585558\" data-element_type=\"container\" data-e-type=\"container\">\n\t\t\t\t<div class=\"elementor-element elementor-element-662ec73b elementor-align-justify elementor-widget__width-auto elementor-widget elementor-widget-button\" data-id=\"662ec73b\" data-element_type=\"widget\" data-e-type=\"widget\" data-widget_type=\"button.default\">\n\t\t\t\t<div class=\"elementor-widget-container\">\n\t\t\t\t\t\t\t\t\t<div class=\"elementor-button-wrapper\">\n\t\t\t\t\t<a class=\"elementor-button elementor-button-link elementor-size-sm elementor-animation-float\" href=\"https:\/\/play.google.com\/store\/apps\/details?id=br.com.image2doc.radiocenterdigital\" target=\"_blank\">\n\t\t\t\t\t\t<span class=\"elementor-button-content-wrapper\">\n\t\t\t\t\t\t<span class=\"elementor-button-icon\">\n\t\t\t\t<svg aria-hidden=\"true\" class=\"e-font-icon-svg e-fab-google-play\" viewBox=\"0 0 512 512\" xmlns=\"http:\/\/www.w3.org\/2000\/svg\"><path d=\"M325.3 234.3L104.6 13l280.8 161.2-60.1 60.1zM47 0C34 6.8 25.3 19.2 25.3 35.3v441.3c0 16.1 8.7 28.5 21.7 35.3l256.6-256L47 0zm425.2 225.6l-58.9-34.1-65.7 64.5 65.7 64.5 60.1-34.1c18-14.3 18-46.5-1.2-60.8zM104.6 499l280.8-161.2-60.1-60.1L104.6 499z\"><\/path><\/svg>\t\t\t<\/span>\n\t\t\t\t\t\t\t\t\t<span class=\"elementor-button-text\">Aplicativo Android<\/span>\n\t\t\t\t\t<\/span>\n\t\t\t\t\t<\/a>\n\t\t\t\t<\/div>\n\t\t\t\t\t\t\t\t<\/div>\n\t\t\t\t<\/div>\n\t\t\t\t<\/div>\n\t\t<div class=\"elementor-element elementor-element-58048908 e-con-full e-flex e-con e-child\" data-id=\"58048908\" data-element_type=\"container\" data-e-type=\"container\">\n\t\t\t\t<\/div>\n\t\t\t\t<\/div>\n\t\t\t\t<\/div>\n\t\t\t\t\t<\/div>\n\t\t\t\t<\/div>\n\t\t<div class=\"elementor-element elementor-element-720846aa e-flex e-con-boxed e-con e-parent\" data-id=\"720846aa\" data-element_type=\"container\" data-e-type=\"container\" data-settings=\"{&quot;background_background&quot;:&quot;classic&quot;}\">\n\t\t\t\t\t<div class=\"e-con-inner\">\n\t\t<div class=\"elementor-element elementor-element-fe3c171 e-con-full e-flex e-con e-child\" data-id=\"fe3c171\" data-element_type=\"container\" data-e-type=\"container\">\n\t\t<div class=\"elementor-element elementor-element-24343bdc e-con-full e-flex e-con e-child\" data-id=\"24343bdc\" data-element_type=\"container\" data-e-type=\"container\">\n\t\t<div class=\"elementor-element elementor-element-3663910 e-con-full e-flex elementor-invisible e-con e-child\" data-id=\"3663910\" data-element_type=\"container\" data-e-type=\"container\" data-settings=\"{&quot;animation&quot;:&quot;fadeInUp&quot;,&quot;animation_delay&quot;:400}\">\n\t\t<div class=\"elementor-element elementor-element-044e745 e-flex e-con-boxed e-con e-child\" data-id=\"044e745\" data-element_type=\"container\" data-e-type=\"container\">\n\t\t\t\t\t<div class=\"e-con-inner\">\n\t\t\t\t<div class=\"elementor-element elementor-element-7ca8129 elementor-view-stacked elementor-shape-square elementor-widget__width-auto elementor-widget elementor-widget-icon\" data-id=\"7ca8129\" data-element_type=\"widget\" data-e-type=\"widget\" data-widget_type=\"icon.default\">\n\t\t\t\t<div class=\"elementor-widget-container\">\n\t\t\t\t\t\t\t<div class=\"elementor-icon-wrapper\">\n\t\t\t<div class=\"elementor-icon\">\n\t\t\t<i aria-hidden=\"true\" class=\"icon icon-Consultancy\"><\/i>\t\t\t<\/div>\n\t\t<\/div>\n\t\t\t\t\t\t<\/div>\n\t\t\t\t<\/div>\n\t\t\t\t\t<\/div>\n\t\t\t\t<\/div>\n\t\t\t\t<div class=\"elementor-element elementor-element-6da45c2 elementor-widget elementor-widget-icon-box\" data-id=\"6da45c2\" data-element_type=\"widget\" data-e-type=\"widget\" data-widget_type=\"icon-box.default\">\n\t\t\t\t<div class=\"elementor-widget-container\">\n\t\t\t\t\t\t\t<div class=\"elementor-icon-box-wrapper\">\n\n\t\t\t\n\t\t\t\t\t\t<div class=\"elementor-icon-box-content\">\n\n\t\t\t\t\t\t\t\t\t<h4 class=\"elementor-icon-box-title\">\n\t\t\t\t\t\t<span  >\n\t\t\t\t\t\t\tNossa Miss\u00e3o\t\t\t\t\t\t<\/span>\n\t\t\t\t\t<\/h4>\n\t\t\t\t\n\t\t\t\t\t\t\t\t\t<p class=\"elementor-icon-box-description\">\n\t\t\t\t\t\tOferecer solu\u00e7\u00f5es em diagn\u00f3sticos radiol\u00f3gicos odontol\u00f3gicos com excel\u00eancia, provendo solu\u00e7\u00f5es completas e eficientes.\t\t\t\t\t<\/p>\n\t\t\t\t\n\t\t\t<\/div>\n\t\t\t\n\t\t<\/div>\n\t\t\t\t\t\t<\/div>\n\t\t\t\t<\/div>\n\t\t\t\t<\/div>\n\t\t<div class=\"elementor-element elementor-element-4c4e3edf e-con-full e-flex elementor-invisible e-con e-child\" data-id=\"4c4e3edf\" data-element_type=\"container\" data-e-type=\"container\" data-settings=\"{&quot;animation&quot;:&quot;fadeInUp&quot;,&quot;animation_delay&quot;:400}\">\n\t\t<div class=\"elementor-element elementor-element-2ffa839a e-flex e-con-boxed e-con e-child\" data-id=\"2ffa839a\" data-element_type=\"container\" data-e-type=\"container\">\n\t\t\t\t\t<div class=\"e-con-inner\">\n\t\t\t\t<div class=\"elementor-element elementor-element-2f1a7415 elementor-view-stacked elementor-shape-square elementor-widget__width-auto elementor-widget elementor-widget-icon\" data-id=\"2f1a7415\" data-element_type=\"widget\" data-e-type=\"widget\" data-widget_type=\"icon.default\">\n\t\t\t\t<div class=\"elementor-widget-container\">\n\t\t\t\t\t\t\t<div class=\"elementor-icon-wrapper\">\n\t\t\t<div class=\"elementor-icon\">\n\t\t\t<i aria-hidden=\"true\" class=\"icon icon-diamond\"><\/i>\t\t\t<\/div>\n\t\t<\/div>\n\t\t\t\t\t\t<\/div>\n\t\t\t\t<\/div>\n\t\t\t\t\t<\/div>\n\t\t\t\t<\/div>\n\t\t\t\t<div class=\"elementor-element elementor-element-196a17f5 elementor-widget elementor-widget-icon-box\" data-id=\"196a17f5\" data-element_type=\"widget\" data-e-type=\"widget\" data-widget_type=\"icon-box.default\">\n\t\t\t\t<div class=\"elementor-widget-container\">\n\t\t\t\t\t\t\t<div class=\"elementor-icon-box-wrapper\">\n\n\t\t\t\n\t\t\t\t\t\t<div class=\"elementor-icon-box-content\">\n\n\t\t\t\t\t\t\t\t\t<h4 class=\"elementor-icon-box-title\">\n\t\t\t\t\t\t<span  >\n\t\t\t\t\t\t\tNossa Valores\t\t\t\t\t\t<\/span>\n\t\t\t\t\t<\/h4>\n\t\t\t\t\n\t\t\t\t\t\t\t\t\t<p class=\"elementor-icon-box-description\">\n\t\t\t\t\t\t\u00c9tica Profissional.\nAprimoramento de Qualidade.\nResponsabilidade Social.\nValoriza\u00e7\u00e3o dos Colaboradores.\nExcel\u00eancia na Presta\u00e7\u00e3o de Servi\u00e7os.\t\t\t\t\t<\/p>\n\t\t\t\t\n\t\t\t<\/div>\n\t\t\t\n\t\t<\/div>\n\t\t\t\t\t\t<\/div>\n\t\t\t\t<\/div>\n\t\t\t\t<\/div>\n\t\t<div class=\"elementor-element elementor-element-449b19b e-con-full e-flex elementor-invisible e-con e-child\" data-id=\"449b19b\" data-element_type=\"container\" data-e-type=\"container\" data-settings=\"{&quot;animation&quot;:&quot;fadeInUp&quot;,&quot;animation_delay&quot;:400}\">\n\t\t<div class=\"elementor-element elementor-element-0e96146 e-flex e-con-boxed e-con e-child\" data-id=\"0e96146\" data-element_type=\"container\" data-e-type=\"container\">\n\t\t\t\t\t<div class=\"e-con-inner\">\n\t\t\t\t<div class=\"elementor-element elementor-element-f6e6097 elementor-view-stacked elementor-shape-square elementor-widget__width-auto elementor-widget elementor-widget-icon\" data-id=\"f6e6097\" data-element_type=\"widget\" data-e-type=\"widget\" data-widget_type=\"icon.default\">\n\t\t\t\t<div class=\"elementor-widget-container\">\n\t\t\t\t\t\t\t<div class=\"elementor-icon-wrapper\">\n\t\t\t<div class=\"elementor-icon\">\n\t\t\t<i aria-hidden=\"true\" class=\"icon icon-eye3\"><\/i>\t\t\t<\/div>\n\t\t<\/div>\n\t\t\t\t\t\t<\/div>\n\t\t\t\t<\/div>\n\t\t\t\t\t<\/div>\n\t\t\t\t<\/div>\n\t\t\t\t<div class=\"elementor-element elementor-element-2d8fbfa elementor-widget elementor-widget-icon-box\" data-id=\"2d8fbfa\" data-element_type=\"widget\" data-e-type=\"widget\" data-widget_type=\"icon-box.default\">\n\t\t\t\t<div class=\"elementor-widget-container\">\n\t\t\t\t\t\t\t<div class=\"elementor-icon-box-wrapper\">\n\n\t\t\t\n\t\t\t\t\t\t<div class=\"elementor-icon-box-content\">\n\n\t\t\t\t\t\t\t\t\t<h4 class=\"elementor-icon-box-title\">\n\t\t\t\t\t\t<span  >\n\t\t\t\t\t\t\tNossa Vis\u00e3o\t\t\t\t\t\t<\/span>\n\t\t\t\t\t<\/h4>\n\t\t\t\t\n\t\t\t\t\t\t\t\t\t<p class=\"elementor-icon-box-description\">\n\t\t\t\t\t\tSer uma empresa refer\u00eancia em radiologia odontol\u00f3gica, atrav\u00e9s da qualidade nos servi\u00e7os com constante inova\u00e7\u00e3o tecnol\u00f3gica.\t\t\t\t\t<\/p>\n\t\t\t\t\n\t\t\t<\/div>\n\t\t\t\n\t\t<\/div>\n\t\t\t\t\t\t<\/div>\n\t\t\t\t<\/div>\n\t\t\t\t<\/div>\n\t\t\t\t<\/div>\n\t\t\t\t<\/div>\n\t\t\t\t\t<\/div>\n\t\t\t\t<\/div>\n\t\t\t\t<\/div>\n\t\t","protected":false},"excerpt":{"rendered":"<p>Quem Somos A Radiocenter Digital Desde 1998, a Radiocenter \u00e9 uma refer\u00eancia em Diagn\u00f3sticos Por Imagem em Odontologia. Com duas unidades localizadas estrategicamente em Montes Claros|MG, todas dotadas de equipamentos de \u00faltima gera\u00e7\u00e3o, propiciando acesso \u00e0s mais modernas tecnologias que garantem qualidade no exame, agilidade na disponibiliza\u00e7\u00e3o de resultados e seguran\u00e7a diagn\u00f3stica. Equipe t\u00e9cnica formada [&hellip;]<\/p>\n","protected":false},"author":1,"featured_media":0,"parent":0,"menu_order":0,"comment_status":"closed","ping_status":"closed","template":"","meta":{"_acf_changed":false,"footnotes":""},"class_list":["post-101","page","type-page","status-publish","hentry"],"acf":[],"yoast_head":"<!-- This site is optimized with the Yoast SEO plugin v26.2 - https:\/\/yoast.com\/wordpress\/plugins\/seo\/ -->\n<title>A Radiocenter - Radiocenter Digital<\/title>\n<meta name=\"robots\" content=\"index, follow, max-snippet:-1, max-image-preview:large, max-video-preview:-1\" \/>\n<link rel=\"canonical\" href=\"https:\/\/radiocenterdigital.com\/new\/a-iso-radiologia\/\" \/>\n<meta property=\"og:locale\" content=\"pt_BR\" \/>\n<meta property=\"og:type\" content=\"article\" \/>\n<meta property=\"og:title\" content=\"A Radiocenter - Radiocenter Digital\" \/>\n<meta property=\"og:description\" content=\"Quem Somos A Radiocenter Digital Desde 1998, a Radiocenter \u00e9 uma refer\u00eancia em Diagn\u00f3sticos Por Imagem em Odontologia. Com duas unidades localizadas estrategicamente em Montes Claros|MG, todas dotadas de equipamentos de \u00faltima gera\u00e7\u00e3o, propiciando acesso \u00e0s mais modernas tecnologias que garantem qualidade no exame, agilidade na disponibiliza\u00e7\u00e3o de resultados e seguran\u00e7a diagn\u00f3stica. Equipe t\u00e9cnica formada [&hellip;]\" \/>\n<meta property=\"og:url\" content=\"https:\/\/radiocenterdigital.com\/new\/a-iso-radiologia\/\" \/>\n<meta property=\"og:site_name\" content=\"Radiocenter Digital\" \/>\n<meta property=\"article:modified_time\" content=\"2025-10-13T15:44:44+00:00\" \/>\n<meta property=\"og:image\" content=\"https:\/\/radiocenterdigital.com\/new\/wp-content\/uploads\/2025\/03\/image00006-scaled.jpeg\" \/>\n<meta name=\"twitter:card\" content=\"summary_large_image\" \/>\n<meta name=\"twitter:label1\" content=\"Est. tempo de leitura\" \/>\n\t<meta name=\"twitter:data1\" content=\"1 minuto\" \/>\n<script type=\"application\/ld+json\" class=\"yoast-schema-graph\">{\"@context\":\"https:\/\/schema.org\",\"@graph\":[{\"@type\":\"WebPage\",\"@id\":\"https:\/\/radiocenterdigital.com\/new\/a-iso-radiologia\/\",\"url\":\"https:\/\/radiocenterdigital.com\/new\/a-iso-radiologia\/\",\"name\":\"A Radiocenter - Radiocenter Digital\",\"isPartOf\":{\"@id\":\"https:\/\/radiocenterdigital.com\/new\/#website\"},\"primaryImageOfPage\":{\"@id\":\"https:\/\/radiocenterdigital.com\/new\/a-iso-radiologia\/#primaryimage\"},\"image\":{\"@id\":\"https:\/\/radiocenterdigital.com\/new\/a-iso-radiologia\/#primaryimage\"},\"thumbnailUrl\":\"https:\/\/radiocenterdigital.com\/new\/wp-content\/uploads\/2025\/03\/image00006-scaled.jpeg\",\"datePublished\":\"2024-12-09T23:33:28+00:00\",\"dateModified\":\"2025-10-13T15:44:44+00:00\",\"breadcrumb\":{\"@id\":\"https:\/\/radiocenterdigital.com\/new\/a-iso-radiologia\/#breadcrumb\"},\"inLanguage\":\"pt-BR\",\"potentialAction\":[{\"@type\":\"ReadAction\",\"target\":[\"https:\/\/radiocenterdigital.com\/new\/a-iso-radiologia\/\"]}]},{\"@type\":\"ImageObject\",\"inLanguage\":\"pt-BR\",\"@id\":\"https:\/\/radiocenterdigital.com\/new\/a-iso-radiologia\/#primaryimage\",\"url\":\"https:\/\/radiocenterdigital.com\/new\/wp-content\/uploads\/2025\/03\/image00006-scaled.jpeg\",\"contentUrl\":\"https:\/\/radiocenterdigital.com\/new\/wp-content\/uploads\/2025\/03\/image00006-scaled.jpeg\",\"width\":1920,\"height\":2560},{\"@type\":\"BreadcrumbList\",\"@id\":\"https:\/\/radiocenterdigital.com\/new\/a-iso-radiologia\/#breadcrumb\",\"itemListElement\":[{\"@type\":\"ListItem\",\"position\":1,\"name\":\"Home\",\"item\":\"https:\/\/radiocenterdigital.com\/new\/\"},{\"@type\":\"ListItem\",\"position\":2,\"name\":\"A Radiocenter\"}]},{\"@type\":\"WebSite\",\"@id\":\"https:\/\/radiocenterdigital.com\/new\/#website\",\"url\":\"https:\/\/radiocenterdigital.com\/new\/\",\"name\":\"Radiocenter Digital\",\"description\":\"\",\"potentialAction\":[{\"@type\":\"SearchAction\",\"target\":{\"@type\":\"EntryPoint\",\"urlTemplate\":\"https:\/\/radiocenterdigital.com\/new\/?s={search_term_string}\"},\"query-input\":{\"@type\":\"PropertyValueSpecification\",\"valueRequired\":true,\"valueName\":\"search_term_string\"}}],\"inLanguage\":\"pt-BR\"}]}<\/script>\n<!-- \/ Yoast SEO plugin. -->","yoast_head_json":{"title":"A Radiocenter - Radiocenter Digital","robots":{"index":"index","follow":"follow","max-snippet":"max-snippet:-1","max-image-preview":"max-image-preview:large","max-video-preview":"max-video-preview:-1"},"canonical":"https:\/\/radiocenterdigital.com\/new\/a-iso-radiologia\/","og_locale":"pt_BR","og_type":"article","og_title":"A Radiocenter - Radiocenter Digital","og_description":"Quem Somos A Radiocenter Digital Desde 1998, a Radiocenter \u00e9 uma refer\u00eancia em Diagn\u00f3sticos Por Imagem em Odontologia. Com duas unidades localizadas estrategicamente em Montes Claros|MG, todas dotadas de equipamentos de \u00faltima gera\u00e7\u00e3o, propiciando acesso \u00e0s mais modernas tecnologias que garantem qualidade no exame, agilidade na disponibiliza\u00e7\u00e3o de resultados e seguran\u00e7a diagn\u00f3stica. Equipe t\u00e9cnica formada [&hellip;]","og_url":"https:\/\/radiocenterdigital.com\/new\/a-iso-radiologia\/","og_site_name":"Radiocenter Digital","article_modified_time":"2025-10-13T15:44:44+00:00","og_image":[{"url":"https:\/\/radiocenterdigital.com\/new\/wp-content\/uploads\/2025\/03\/image00006-scaled.jpeg","type":"","width":"","height":""}],"twitter_card":"summary_large_image","twitter_misc":{"Est. tempo de leitura":"1 minuto"},"schema":{"@context":"https:\/\/schema.org","@graph":[{"@type":"WebPage","@id":"https:\/\/radiocenterdigital.com\/new\/a-iso-radiologia\/","url":"https:\/\/radiocenterdigital.com\/new\/a-iso-radiologia\/","name":"A Radiocenter - Radiocenter Digital","isPartOf":{"@id":"https:\/\/radiocenterdigital.com\/new\/#website"},"primaryImageOfPage":{"@id":"https:\/\/radiocenterdigital.com\/new\/a-iso-radiologia\/#primaryimage"},"image":{"@id":"https:\/\/radiocenterdigital.com\/new\/a-iso-radiologia\/#primaryimage"},"thumbnailUrl":"https:\/\/radiocenterdigital.com\/new\/wp-content\/uploads\/2025\/03\/image00006-scaled.jpeg","datePublished":"2024-12-09T23:33:28+00:00","dateModified":"2025-10-13T15:44:44+00:00","breadcrumb":{"@id":"https:\/\/radiocenterdigital.com\/new\/a-iso-radiologia\/#breadcrumb"},"inLanguage":"pt-BR","potentialAction":[{"@type":"ReadAction","target":["https:\/\/radiocenterdigital.com\/new\/a-iso-radiologia\/"]}]},{"@type":"ImageObject","inLanguage":"pt-BR","@id":"https:\/\/radiocenterdigital.com\/new\/a-iso-radiologia\/#primaryimage","url":"https:\/\/radiocenterdigital.com\/new\/wp-content\/uploads\/2025\/03\/image00006-scaled.jpeg","contentUrl":"https:\/\/radiocenterdigital.com\/new\/wp-content\/uploads\/2025\/03\/image00006-scaled.jpeg","width":1920,"height":2560},{"@type":"BreadcrumbList","@id":"https:\/\/radiocenterdigital.com\/new\/a-iso-radiologia\/#breadcrumb","itemListElement":[{"@type":"ListItem","position":1,"name":"Home","item":"https:\/\/radiocenterdigital.com\/new\/"},{"@type":"ListItem","position":2,"name":"A Radiocenter"}]},{"@type":"WebSite","@id":"https:\/\/radiocenterdigital.com\/new\/#website","url":"https:\/\/radiocenterdigital.com\/new\/","name":"Radiocenter Digital","description":"","potentialAction":[{"@type":"SearchAction","target":{"@type":"EntryPoint","urlTemplate":"https:\/\/radiocenterdigital.com\/new\/?s={search_term_string}"},"query-input":{"@type":"PropertyValueSpecification","valueRequired":true,"valueName":"search_term_string"}}],"inLanguage":"pt-BR"}]}},"_links":{"self":[{"href":"https:\/\/radiocenterdigital.com\/new\/wp-json\/wp\/v2\/pages\/101","targetHints":{"allow":["GET"]}}],"collection":[{"href":"https:\/\/radiocenterdigital.com\/new\/wp-json\/wp\/v2\/pages"}],"about":[{"href":"https:\/\/radiocenterdigital.com\/new\/wp-json\/wp\/v2\/types\/page"}],"author":[{"embeddable":true,"href":"https:\/\/radiocenterdigital.com\/new\/wp-json\/wp\/v2\/users\/1"}],"replies":[{"embeddable":true,"href":"https:\/\/radiocenterdigital.com\/new\/wp-json\/wp\/v2\/comments?post=101"}],"version-history":[{"count":57,"href":"https:\/\/radiocenterdigital.com\/new\/wp-json\/wp\/v2\/pages\/101\/revisions"}],"predecessor-version":[{"id":7756,"href":"https:\/\/radiocenterdigital.com\/new\/wp-json\/wp\/v2\/pages\/101\/revisions\/7756"}],"wp:attachment":[{"href":"https:\/\/radiocenterdigital.com\/new\/wp-json\/wp\/v2\/media?parent=101"}],"curies":[{"name":"wp","href":"https:\/\/api.w.org\/{rel}","templated":true}]}}