{"id":107,"date":"2024-12-09T20:33:52","date_gmt":"2024-12-09T23:33:52","guid":{"rendered":"https:\/\/radiocenterdigital.com\/new\/?page_id=107"},"modified":"2025-10-29T15:48:31","modified_gmt":"2025-10-29T18:48:31","slug":"dentista-parceiro","status":"publish","type":"page","link":"https:\/\/radiocenterdigital.com\/new\/dentista-parceiro\/","title":{"rendered":"\u00c1rea do Dentista"},"content":{"rendered":"\t\t<div data-elementor-type=\"wp-page\" data-elementor-id=\"107\" class=\"elementor elementor-107\" data-elementor-post-type=\"page\">\n\t\t\t\t<div class=\"elementor-element elementor-element-2073094b e-flex e-con-boxed e-con e-parent\" data-id=\"2073094b\" data-element_type=\"container\" data-e-type=\"container\">\n\t\t\t\t\t<div class=\"e-con-inner\">\n\t\t<div class=\"elementor-element elementor-element-4361fb5f e-con-full e-flex e-con e-child\" data-id=\"4361fb5f\" data-element_type=\"container\" data-e-type=\"container\" data-settings=\"{&quot;background_background&quot;:&quot;classic&quot;}\">\n\t\t\t\t<div class=\"elementor-element elementor-element-569a4482 elementor-widget elementor-widget-spacer\" data-id=\"569a4482\" data-element_type=\"widget\" data-e-type=\"widget\" data-widget_type=\"spacer.default\">\n\t\t\t\t<div class=\"elementor-widget-container\">\n\t\t\t\t\t\t\t<div class=\"elementor-spacer\">\n\t\t\t<div class=\"elementor-spacer-inner\"><\/div>\n\t\t<\/div>\n\t\t\t\t\t\t<\/div>\n\t\t\t\t<\/div>\n\t\t\t\t<\/div>\n\t\t<div class=\"elementor-element elementor-element-2e2a8cd2 e-con-full e-flex e-con e-child\" data-id=\"2e2a8cd2\" data-element_type=\"container\" data-e-type=\"container\">\n\t\t\t\t<div class=\"elementor-element elementor-element-2ed68f7e elementor-widget-divider--view-line_text elementor-widget-divider--element-align-left elementor-invisible elementor-widget elementor-widget-divider\" data-id=\"2ed68f7e\" data-element_type=\"widget\" data-e-type=\"widget\" data-settings=\"{&quot;_animation&quot;:&quot;fadeInUp&quot;}\" data-widget_type=\"divider.default\">\n\t\t\t\t<div class=\"elementor-widget-container\">\n\t\t\t\t\t\t\t<div class=\"elementor-divider\">\n\t\t\t<span class=\"elementor-divider-separator\">\n\t\t\t\t\t\t\t<h3 class=\"elementor-divider__text elementor-divider__element\">\n\t\t\t\t\u00c1rea do Dentista\t\t\t\t<\/h3>\n\t\t\t\t\t\t<\/span>\n\t\t<\/div>\n\t\t\t\t\t\t<\/div>\n\t\t\t\t<\/div>\n\t\t\t\t<div class=\"elementor-element elementor-element-3ce2f156 elementor-invisible elementor-widget elementor-widget-heading\" data-id=\"3ce2f156\" data-element_type=\"widget\" data-e-type=\"widget\" data-settings=\"{&quot;_animation&quot;:&quot;fadeInUp&quot;,&quot;_animation_delay&quot;:200}\" data-widget_type=\"heading.default\">\n\t\t\t\t<div class=\"elementor-widget-container\">\n\t\t\t\t\t<h3 class=\"elementor-heading-title elementor-size-default\">Seja um dentista parceiro<\/h3>\t\t\t\t<\/div>\n\t\t\t\t<\/div>\n\t\t\t\t<div class=\"elementor-element elementor-element-7252419d elementor-widget elementor-widget-text-editor\" data-id=\"7252419d\" data-element_type=\"widget\" data-e-type=\"widget\" data-widget_type=\"text-editor.default\">\n\t\t\t\t<div class=\"elementor-widget-container\">\n\t\t\t\t\t\t\t\t\t<p><span class=\"TextRun SCXW26367489 BCX0\" lang=\"PT-BR\" xml:lang=\"PT-BR\" data-contrast=\"auto\"><span class=\"NormalTextRun SCXW26367489 BCX0\">Para um diagn\u00f3stico odontol\u00f3gico preciso e de qualidade \u00e9 necess\u00e1ria uma cl\u00ednica de radiologia que ofere\u00e7a o melhor atendimento n\u00e3o s\u00f3 para o paciente, mas tamb\u00e9m para o profissional.<\/span><\/span><\/p><p><span class=\"TextRun SCXW26367489 BCX0\" lang=\"PT-BR\" xml:lang=\"PT-BR\" data-contrast=\"auto\"><span class=\"NormalTextRun SCXW26367489 BCX0\">Pensando nisso, a Radiocenter Digital conta com diversas vantagens para nossos dentistas parceiros, desde imagens digitais em alta resolu\u00e7\u00e3o at\u00e9 mesmo prioridade nos resultados dos exames:<\/span><\/span><span class=\"EOP SCXW26367489 BCX0\" data-ccp-props=\"{&quot;134233118&quot;:false,&quot;201341983&quot;:0,&quot;335551550&quot;:6,&quot;335551620&quot;:6,&quot;335559739&quot;:0,&quot;335559740&quot;:259}\">\u00a0<\/span><\/p>\t\t\t\t\t\t\t\t<\/div>\n\t\t\t\t<\/div>\n\t\t\t\t<div class=\"elementor-element elementor-element-ee04e2a elementor-widget elementor-widget-text-editor\" data-id=\"ee04e2a\" data-element_type=\"widget\" data-e-type=\"widget\" data-widget_type=\"text-editor.default\">\n\t\t\t\t<div class=\"elementor-widget-container\">\n\t\t\t\t\t\t\t\t\t<ul><li>Envio de resultados em formato digital;<\/li><li>Agilidade na entrega dos exames;<\/li><li>Contato com nossa equipe de radiologistas para esclarecer d\u00favidas;<\/li><li>Laudos detalhados.<\/li><\/ul>\t\t\t\t\t\t\t\t<\/div>\n\t\t\t\t<\/div>\n\t\t\t\t<div class=\"elementor-element elementor-element-a1911ea elementor-widget elementor-widget-button\" data-id=\"a1911ea\" data-element_type=\"widget\" data-e-type=\"widget\" data-widget_type=\"button.default\">\n\t\t\t\t<div class=\"elementor-widget-container\">\n\t\t\t\t\t\t\t\t\t<div class=\"elementor-button-wrapper\">\n\t\t\t\t\t<a class=\"elementor-button elementor-button-link elementor-size-sm\" href=\"https:\/\/play.google.com\/store\/apps\/details?id=br.com.image2doc.radiocenterdigital\" target=\"_blank\">\n\t\t\t\t\t\t<span class=\"elementor-button-content-wrapper\">\n\t\t\t\t\t\t\t\t\t<span class=\"elementor-button-text\">APP RADIOCENTER DIGITAL<\/span>\n\t\t\t\t\t<\/span>\n\t\t\t\t\t<\/a>\n\t\t\t\t<\/div>\n\t\t\t\t\t\t\t\t<\/div>\n\t\t\t\t<\/div>\n\t\t\t\t<\/div>\n\t\t\t\t\t<\/div>\n\t\t\t\t<\/div>\n\t\t<div class=\"elementor-element elementor-element-cda1270 e-flex e-con-boxed e-con e-parent\" data-id=\"cda1270\" data-element_type=\"container\" data-e-type=\"container\" data-settings=\"{&quot;background_background&quot;:&quot;classic&quot;}\">\n\t\t\t\t\t<div class=\"e-con-inner\">\n\t\t<div class=\"elementor-element elementor-element-7e30307b e-con-full e-flex e-con e-child\" data-id=\"7e30307b\" data-element_type=\"container\" data-e-type=\"container\">\n\t\t<div class=\"elementor-element elementor-element-6dba635 e-con-full e-flex e-con e-child\" data-id=\"6dba635\" data-element_type=\"container\" data-e-type=\"container\">\n\t\t\t\t<div class=\"elementor-element elementor-element-45446bb elementor-widget-divider--view-line_text elementor-widget-divider--element-align-left elementor-invisible elementor-widget elementor-widget-divider\" data-id=\"45446bb\" data-element_type=\"widget\" data-e-type=\"widget\" data-settings=\"{&quot;_animation&quot;:&quot;fadeInUp&quot;}\" data-widget_type=\"divider.default\">\n\t\t\t\t<div class=\"elementor-widget-container\">\n\t\t\t\t\t\t\t<div class=\"elementor-divider\">\n\t\t\t<span class=\"elementor-divider-separator\">\n\t\t\t\t\t\t\t<h3 class=\"elementor-divider__text elementor-divider__element\">\n\t\t\t\tDiferenciais\t\t\t\t<\/h3>\n\t\t\t\t\t\t<\/span>\n\t\t<\/div>\n\t\t\t\t\t\t<\/div>\n\t\t\t\t<\/div>\n\t\t\t\t<div class=\"elementor-element elementor-element-5a1e3052 elementor-invisible elementor-widget elementor-widget-heading\" data-id=\"5a1e3052\" data-element_type=\"widget\" data-e-type=\"widget\" data-settings=\"{&quot;_animation&quot;:&quot;fadeInUp&quot;,&quot;_animation_delay&quot;:200}\" data-widget_type=\"heading.default\">\n\t\t\t\t<div class=\"elementor-widget-container\">\n\t\t\t\t\t<h3 class=\"elementor-heading-title elementor-size-default\">Nossos diferenciais\n<\/h3>\t\t\t\t<\/div>\n\t\t\t\t<\/div>\n\t\t\t\t<\/div>\n\t\t\t\t<div class=\"elementor-element elementor-element-24c72a0 elementor-invisible elementor-widget elementor-widget-icon-box\" data-id=\"24c72a0\" data-element_type=\"widget\" data-e-type=\"widget\" data-settings=\"{&quot;_animation&quot;:&quot;fadeInLeft&quot;,&quot;_animation_delay&quot;:200}\" data-widget_type=\"icon-box.default\">\n\t\t\t\t<div class=\"elementor-widget-container\">\n\t\t\t\t\t\t\t<div class=\"elementor-icon-box-wrapper\">\n\n\t\t\t\n\t\t\t\t\t\t<div class=\"elementor-icon-box-content\">\n\n\t\t\t\t\t\t\t\t\t<h4 class=\"elementor-icon-box-title\">\n\t\t\t\t\t\t<span  >\n\t\t\t\t\t\t\tTradi\u00e7\u00e3o\t\t\t\t\t\t<\/span>\n\t\t\t\t\t<\/h4>\n\t\t\t\t\n\t\t\t\t\t\t\t\t\t<p class=\"elementor-icon-box-description\">\n\t\t\t\t\t\tNossa experi\u00eancia na \u00e1rea de diagn\u00f3sticos por imagem, sempre com m\u00e1xima preocupa\u00e7\u00e3o e dedica\u00e7\u00e3o aos nossos dentistas parceiros e pacientes, comprovam ainda mais a qualidade dos nossos atendimentos.\t\t\t\t\t<\/p>\n\t\t\t\t\n\t\t\t<\/div>\n\t\t\t\n\t\t<\/div>\n\t\t\t\t\t\t<\/div>\n\t\t\t\t<\/div>\n\t\t\t\t<div class=\"elementor-element elementor-element-ee17aa5 elementor-invisible elementor-widget elementor-widget-icon-box\" data-id=\"ee17aa5\" data-element_type=\"widget\" data-e-type=\"widget\" data-settings=\"{&quot;_animation&quot;:&quot;fadeInLeft&quot;,&quot;_animation_delay&quot;:200}\" data-widget_type=\"icon-box.default\">\n\t\t\t\t<div class=\"elementor-widget-container\">\n\t\t\t\t\t\t\t<div class=\"elementor-icon-box-wrapper\">\n\n\t\t\t\n\t\t\t\t\t\t<div class=\"elementor-icon-box-content\">\n\n\t\t\t\t\t\t\t\t\t<h4 class=\"elementor-icon-box-title\">\n\t\t\t\t\t\t<span  >\n\t\t\t\t\t\t\tDiversidade em exames\t\t\t\t\t\t<\/span>\n\t\t\t\t\t<\/h4>\n\t\t\t\t\n\t\t\t\t\t\t\t\t\t<p class=\"elementor-icon-box-description\">\n\t\t\t\t\t\tAl\u00e9m de tom\u00f3grafos de Alta Resolu\u00e7\u00e3o, dispomos de exames diversos, entre Radiologia Panor\u00e2mica, Escaneamento Intraoral e Documenta\u00e7\u00f5es Ortod\u00f4nticas.\t\t\t\t\t<\/p>\n\t\t\t\t\n\t\t\t<\/div>\n\t\t\t\n\t\t<\/div>\n\t\t\t\t\t\t<\/div>\n\t\t\t\t<\/div>\n\t\t\t\t<div class=\"elementor-element elementor-element-b417479 elementor-invisible elementor-widget elementor-widget-icon-box\" data-id=\"b417479\" data-element_type=\"widget\" data-e-type=\"widget\" data-settings=\"{&quot;_animation&quot;:&quot;fadeInLeft&quot;,&quot;_animation_delay&quot;:200}\" data-widget_type=\"icon-box.default\">\n\t\t\t\t<div class=\"elementor-widget-container\">\n\t\t\t\t\t\t\t<div class=\"elementor-icon-box-wrapper\">\n\n\t\t\t\n\t\t\t\t\t\t<div class=\"elementor-icon-box-content\">\n\n\t\t\t\t\t\t\t\t\t<h4 class=\"elementor-icon-box-title\">\n\t\t\t\t\t\t<span  >\n\t\t\t\t\t\t\tAtendimento personalizado\t\t\t\t\t\t<\/span>\n\t\t\t\t\t<\/h4>\n\t\t\t\t\n\t\t\t\t\t\t\t\t\t<p class=\"elementor-icon-box-description\">\n\t\t\t\t\t\tContamos com uma equipe t\u00e9cnica especializada em radiologia odontol\u00f3gica, preparada para realizar um atendimento humanizado e com excel\u00eancia. \t\t\t\t\t<\/p>\n\t\t\t\t\n\t\t\t<\/div>\n\t\t\t\n\t\t<\/div>\n\t\t\t\t\t\t<\/div>\n\t\t\t\t<\/div>\n\t\t\t\t<\/div>\n\t\t<div class=\"elementor-element elementor-element-aed0466 e-con-full e-flex e-con e-child\" data-id=\"aed0466\" data-element_type=\"container\" data-e-type=\"container\" data-settings=\"{&quot;background_background&quot;:&quot;classic&quot;}\">\n\t\t\t\t<div class=\"elementor-element elementor-element-1bc5709d elementor-widget elementor-widget-spacer\" data-id=\"1bc5709d\" data-element_type=\"widget\" data-e-type=\"widget\" data-widget_type=\"spacer.default\">\n\t\t\t\t<div class=\"elementor-widget-container\">\n\t\t\t\t\t\t\t<div class=\"elementor-spacer\">\n\t\t\t<div class=\"elementor-spacer-inner\"><\/div>\n\t\t<\/div>\n\t\t\t\t\t\t<\/div>\n\t\t\t\t<\/div>\n\t\t\t\t<\/div>\n\t\t<div class=\"elementor-element elementor-element-1dc0d117 e-con-full e-flex e-con e-child\" data-id=\"1dc0d117\" data-element_type=\"container\" data-e-type=\"container\">\n\t\t<div class=\"elementor-element elementor-element-fe780c9 e-con-full e-flex e-con e-child\" data-id=\"fe780c9\" data-element_type=\"container\" data-e-type=\"container\">\n\t\t\t\t<div class=\"elementor-element elementor-element-469e3267 elementor-invisible elementor-widget elementor-widget-icon-box\" data-id=\"469e3267\" data-element_type=\"widget\" data-e-type=\"widget\" data-settings=\"{&quot;_animation&quot;:&quot;fadeInLeft&quot;}\" data-widget_type=\"icon-box.default\">\n\t\t\t\t<div class=\"elementor-widget-container\">\n\t\t\t\t\t\t\t<div class=\"elementor-icon-box-wrapper\">\n\n\t\t\t\n\t\t\t\t\t\t<div class=\"elementor-icon-box-content\">\n\n\t\t\t\t\t\t\t\t\t<h4 class=\"elementor-icon-box-title\">\n\t\t\t\t\t\t<span  >\n\t\t\t\t\t\t\tTecnologia Qualificada\t\t\t\t\t\t<\/span>\n\t\t\t\t\t<\/h4>\n\t\t\t\t\n\t\t\t\t\t\t\t\t\t<p class=\"elementor-icon-box-description\">\n\t\t\t\t\t\tVisando sempre orimizar a sua pr\u00e1tica cl\u00ednica disponibilizamos equipamentos modernos e tom\u00f3grafo de alta resolu\u00e7\u00e3o.\t\t\t\t\t<\/p>\n\t\t\t\t\n\t\t\t<\/div>\n\t\t\t\n\t\t<\/div>\n\t\t\t\t\t\t<\/div>\n\t\t\t\t<\/div>\n\t\t\t\t<div class=\"elementor-element elementor-element-261244d7 elementor-invisible elementor-widget elementor-widget-icon-box\" data-id=\"261244d7\" data-element_type=\"widget\" data-e-type=\"widget\" data-settings=\"{&quot;_animation&quot;:&quot;fadeInLeft&quot;,&quot;_animation_delay&quot;:200}\" data-widget_type=\"icon-box.default\">\n\t\t\t\t<div class=\"elementor-widget-container\">\n\t\t\t\t\t\t\t<div class=\"elementor-icon-box-wrapper\">\n\n\t\t\t\n\t\t\t\t\t\t<div class=\"elementor-icon-box-content\">\n\n\t\t\t\t\t\t\t\t\t<h4 class=\"elementor-icon-box-title\">\n\t\t\t\t\t\t<span  >\n\t\t\t\t\t\t\tPraticidade e rapidez\t\t\t\t\t\t<\/span>\n\t\t\t\t\t<\/h4>\n\t\t\t\t\n\t\t\t\t\t\t\t\t\t<p class=\"elementor-icon-box-description\">\n\t\t\t\t\t\tExames com necessidade de entrega r\u00e1pida podem ser solicitados \u00e0 nossa equipe no Canal exclusivo de atendimento ao dentista.\t\t\t\t\t<\/p>\n\t\t\t\t\n\t\t\t<\/div>\n\t\t\t\n\t\t<\/div>\n\t\t\t\t\t\t<\/div>\n\t\t\t\t<\/div>\n\t\t\t\t<div class=\"elementor-element elementor-element-1da32961 elementor-invisible elementor-widget elementor-widget-icon-box\" data-id=\"1da32961\" data-element_type=\"widget\" data-e-type=\"widget\" data-settings=\"{&quot;_animation&quot;:&quot;fadeInLeft&quot;,&quot;_animation_delay&quot;:400}\" data-widget_type=\"icon-box.default\">\n\t\t\t\t<div class=\"elementor-widget-container\">\n\t\t\t\t\t\t\t<div class=\"elementor-icon-box-wrapper\">\n\n\t\t\t\n\t\t\t\t\t\t<div class=\"elementor-icon-box-content\">\n\n\t\t\t\t\t\t\t\t\t<h4 class=\"elementor-icon-box-title\">\n\t\t\t\t\t\t<span  >\n\t\t\t\t\t\t\tF\u00e1cil localiza\u00e7\u00e3o\t\t\t\t\t\t<\/span>\n\t\t\t\t\t<\/h4>\n\t\t\t\t\n\t\t\t\t\t\t\t\t\t<p class=\"elementor-icon-box-description\">\n\t\t\t\t\t\tPossu\u00edmos duas unidades localizadas no centro e no bairro Melo.\t\t\t\t\t<\/p>\n\t\t\t\t\n\t\t\t<\/div>\n\t\t\t\n\t\t<\/div>\n\t\t\t\t\t\t<\/div>\n\t\t\t\t<\/div>\n\t\t\t\t<\/div>\n\t\t\t\t<\/div>\n\t\t\t\t\t<\/div>\n\t\t\t\t<\/div>\n\t\t\t\t<\/div>\n\t\t","protected":false},"excerpt":{"rendered":"<p>\u00c1rea do Dentista Seja um dentista parceiro Para um diagn\u00f3stico odontol\u00f3gico preciso e de qualidade \u00e9 necess\u00e1ria uma cl\u00ednica de radiologia que ofere\u00e7a o melhor atendimento n\u00e3o s\u00f3 para o paciente, mas tamb\u00e9m para o profissional. Pensando nisso, a Radiocenter Digital conta com diversas vantagens para nossos dentistas parceiros, desde imagens digitais em alta resolu\u00e7\u00e3o [&hellip;]<\/p>\n","protected":false},"author":1,"featured_media":0,"parent":0,"menu_order":0,"comment_status":"closed","ping_status":"closed","template":"","meta":{"_acf_changed":false,"footnotes":""},"class_list":["post-107","page","type-page","status-publish","hentry"],"acf":[],"yoast_head":"<!-- This site is optimized with the Yoast SEO plugin v26.2 - https:\/\/yoast.com\/wordpress\/plugins\/seo\/ -->\n<title>\u00c1rea do Dentista - Radiocenter Digital<\/title>\n<meta name=\"robots\" content=\"index, follow, max-snippet:-1, max-image-preview:large, max-video-preview:-1\" \/>\n<link rel=\"canonical\" href=\"https:\/\/radiocenterdigital.com\/new\/dentista-parceiro\/\" \/>\n<meta property=\"og:locale\" content=\"pt_BR\" \/>\n<meta property=\"og:type\" content=\"article\" \/>\n<meta property=\"og:title\" content=\"\u00c1rea do Dentista - Radiocenter Digital\" \/>\n<meta property=\"og:description\" content=\"\u00c1rea do Dentista Seja um dentista parceiro Para um diagn\u00f3stico odontol\u00f3gico preciso e de qualidade \u00e9 necess\u00e1ria uma cl\u00ednica de radiologia que ofere\u00e7a o melhor atendimento n\u00e3o s\u00f3 para o paciente, mas tamb\u00e9m para o profissional. Pensando nisso, a Radiocenter Digital conta com diversas vantagens para nossos dentistas parceiros, desde imagens digitais em alta resolu\u00e7\u00e3o [&hellip;]\" \/>\n<meta property=\"og:url\" content=\"https:\/\/radiocenterdigital.com\/new\/dentista-parceiro\/\" \/>\n<meta property=\"og:site_name\" content=\"Radiocenter Digital\" \/>\n<meta property=\"article:modified_time\" content=\"2025-10-29T18:48:31+00:00\" \/>\n<meta name=\"twitter:card\" content=\"summary_large_image\" \/>\n<meta name=\"twitter:label1\" content=\"Est. tempo de leitura\" \/>\n\t<meta name=\"twitter:data1\" content=\"1 minuto\" \/>\n<script type=\"application\/ld+json\" class=\"yoast-schema-graph\">{\"@context\":\"https:\/\/schema.org\",\"@graph\":[{\"@type\":\"WebPage\",\"@id\":\"https:\/\/radiocenterdigital.com\/new\/dentista-parceiro\/\",\"url\":\"https:\/\/radiocenterdigital.com\/new\/dentista-parceiro\/\",\"name\":\"\u00c1rea do Dentista - Radiocenter Digital\",\"isPartOf\":{\"@id\":\"https:\/\/radiocenterdigital.com\/new\/#website\"},\"datePublished\":\"2024-12-09T23:33:52+00:00\",\"dateModified\":\"2025-10-29T18:48:31+00:00\",\"breadcrumb\":{\"@id\":\"https:\/\/radiocenterdigital.com\/new\/dentista-parceiro\/#breadcrumb\"},\"inLanguage\":\"pt-BR\",\"potentialAction\":[{\"@type\":\"ReadAction\",\"target\":[\"https:\/\/radiocenterdigital.com\/new\/dentista-parceiro\/\"]}]},{\"@type\":\"BreadcrumbList\",\"@id\":\"https:\/\/radiocenterdigital.com\/new\/dentista-parceiro\/#breadcrumb\",\"itemListElement\":[{\"@type\":\"ListItem\",\"position\":1,\"name\":\"Home\",\"item\":\"https:\/\/radiocenterdigital.com\/new\/\"},{\"@type\":\"ListItem\",\"position\":2,\"name\":\"\u00c1rea do Dentista\"}]},{\"@type\":\"WebSite\",\"@id\":\"https:\/\/radiocenterdigital.com\/new\/#website\",\"url\":\"https:\/\/radiocenterdigital.com\/new\/\",\"name\":\"Radiocenter Digital\",\"description\":\"\",\"potentialAction\":[{\"@type\":\"SearchAction\",\"target\":{\"@type\":\"EntryPoint\",\"urlTemplate\":\"https:\/\/radiocenterdigital.com\/new\/?s={search_term_string}\"},\"query-input\":{\"@type\":\"PropertyValueSpecification\",\"valueRequired\":true,\"valueName\":\"search_term_string\"}}],\"inLanguage\":\"pt-BR\"}]}<\/script>\n<!-- \/ Yoast SEO plugin. -->","yoast_head_json":{"title":"\u00c1rea do Dentista - Radiocenter Digital","robots":{"index":"index","follow":"follow","max-snippet":"max-snippet:-1","max-image-preview":"max-image-preview:large","max-video-preview":"max-video-preview:-1"},"canonical":"https:\/\/radiocenterdigital.com\/new\/dentista-parceiro\/","og_locale":"pt_BR","og_type":"article","og_title":"\u00c1rea do Dentista - Radiocenter Digital","og_description":"\u00c1rea do Dentista Seja um dentista parceiro Para um diagn\u00f3stico odontol\u00f3gico preciso e de qualidade \u00e9 necess\u00e1ria uma cl\u00ednica de radiologia que ofere\u00e7a o melhor atendimento n\u00e3o s\u00f3 para o paciente, mas tamb\u00e9m para o profissional. Pensando nisso, a Radiocenter Digital conta com diversas vantagens para nossos dentistas parceiros, desde imagens digitais em alta resolu\u00e7\u00e3o [&hellip;]","og_url":"https:\/\/radiocenterdigital.com\/new\/dentista-parceiro\/","og_site_name":"Radiocenter Digital","article_modified_time":"2025-10-29T18:48:31+00:00","twitter_card":"summary_large_image","twitter_misc":{"Est. tempo de leitura":"1 minuto"},"schema":{"@context":"https:\/\/schema.org","@graph":[{"@type":"WebPage","@id":"https:\/\/radiocenterdigital.com\/new\/dentista-parceiro\/","url":"https:\/\/radiocenterdigital.com\/new\/dentista-parceiro\/","name":"\u00c1rea do Dentista - Radiocenter Digital","isPartOf":{"@id":"https:\/\/radiocenterdigital.com\/new\/#website"},"datePublished":"2024-12-09T23:33:52+00:00","dateModified":"2025-10-29T18:48:31+00:00","breadcrumb":{"@id":"https:\/\/radiocenterdigital.com\/new\/dentista-parceiro\/#breadcrumb"},"inLanguage":"pt-BR","potentialAction":[{"@type":"ReadAction","target":["https:\/\/radiocenterdigital.com\/new\/dentista-parceiro\/"]}]},{"@type":"BreadcrumbList","@id":"https:\/\/radiocenterdigital.com\/new\/dentista-parceiro\/#breadcrumb","itemListElement":[{"@type":"ListItem","position":1,"name":"Home","item":"https:\/\/radiocenterdigital.com\/new\/"},{"@type":"ListItem","position":2,"name":"\u00c1rea do Dentista"}]},{"@type":"WebSite","@id":"https:\/\/radiocenterdigital.com\/new\/#website","url":"https:\/\/radiocenterdigital.com\/new\/","name":"Radiocenter Digital","description":"","potentialAction":[{"@type":"SearchAction","target":{"@type":"EntryPoint","urlTemplate":"https:\/\/radiocenterdigital.com\/new\/?s={search_term_string}"},"query-input":{"@type":"PropertyValueSpecification","valueRequired":true,"valueName":"search_term_string"}}],"inLanguage":"pt-BR"}]}},"_links":{"self":[{"href":"https:\/\/radiocenterdigital.com\/new\/wp-json\/wp\/v2\/pages\/107","targetHints":{"allow":["GET"]}}],"collection":[{"href":"https:\/\/radiocenterdigital.com\/new\/wp-json\/wp\/v2\/pages"}],"about":[{"href":"https:\/\/radiocenterdigital.com\/new\/wp-json\/wp\/v2\/types\/page"}],"author":[{"embeddable":true,"href":"https:\/\/radiocenterdigital.com\/new\/wp-json\/wp\/v2\/users\/1"}],"replies":[{"embeddable":true,"href":"https:\/\/radiocenterdigital.com\/new\/wp-json\/wp\/v2\/comments?post=107"}],"version-history":[{"count":51,"href":"https:\/\/radiocenterdigital.com\/new\/wp-json\/wp\/v2\/pages\/107\/revisions"}],"predecessor-version":[{"id":7954,"href":"https:\/\/radiocenterdigital.com\/new\/wp-json\/wp\/v2\/pages\/107\/revisions\/7954"}],"wp:attachment":[{"href":"https:\/\/radiocenterdigital.com\/new\/wp-json\/wp\/v2\/media?parent=107"}],"curies":[{"name":"wp","href":"https:\/\/api.w.org\/{rel}","templated":true}]}}