{"id":2642,"date":"2024-12-19T19:37:24","date_gmt":"2024-12-19T22:37:24","guid":{"rendered":"https:\/\/radiocenterdigital.com\/new\/?page_id=2642"},"modified":"2025-10-21T16:24:35","modified_gmt":"2025-10-21T19:24:35","slug":"nossa-historia","status":"publish","type":"page","link":"https:\/\/radiocenterdigital.com\/new\/nossa-historia\/","title":{"rendered":"Nossa Hist\u00f3ria"},"content":{"rendered":"\t\t<div data-elementor-type=\"wp-page\" data-elementor-id=\"2642\" class=\"elementor elementor-2642\" data-elementor-post-type=\"page\">\n\t\t\t\t<div class=\"elementor-element elementor-element-4d59fba e-flex e-con-boxed e-con e-parent\" data-id=\"4d59fba\" data-element_type=\"container\" data-e-type=\"container\" data-settings=\"{&quot;background_background&quot;:&quot;classic&quot;}\">\n\t\t\t\t\t<div class=\"e-con-inner\">\n\t\t\t\t<div class=\"elementor-element elementor-element-50e90ed1 elementor-widget-divider--view-line_text elementor-widget-divider--element-align-left elementor-widget elementor-widget-divider\" data-id=\"50e90ed1\" data-element_type=\"widget\" data-e-type=\"widget\" data-widget_type=\"divider.default\">\n\t\t\t\t<div class=\"elementor-widget-container\">\n\t\t\t\t\t\t\t<div class=\"elementor-divider\">\n\t\t\t<span class=\"elementor-divider-separator\">\n\t\t\t\t\t\t\t<h3 class=\"elementor-divider__text elementor-divider__element\">\n\t\t\t\tNossa Hist\u00f3ria\t\t\t\t<\/h3>\n\t\t\t\t\t\t<\/span>\n\t\t<\/div>\n\t\t\t\t\t\t<\/div>\n\t\t\t\t<\/div>\n\t\t\t\t<div class=\"elementor-element elementor-element-b89ddf1 elementor-widget elementor-widget-heading\" data-id=\"b89ddf1\" data-element_type=\"widget\" data-e-type=\"widget\" data-widget_type=\"heading.default\">\n\t\t\t\t<div class=\"elementor-widget-container\">\n\t\t\t\t\t<h3 class=\"elementor-heading-title elementor-size-default\">Como tudo come\u00e7ou<\/h3>\t\t\t\t<\/div>\n\t\t\t\t<\/div>\n\t\t\t\t<div class=\"elementor-element elementor-element-ba639d2 elementor-widget elementor-widget-timeline-widget-addon\" data-id=\"ba639d2\" data-element_type=\"widget\" data-e-type=\"widget\" data-widget_type=\"timeline-widget-addon.default\">\n\t\t\t\t<div class=\"elementor-widget-container\">\n\t\t\t\t\t<!-- ========= Timeline Widget Addon For Elementor 1.6.13 ========= -->\n<div id=\"twae-wrapper-ba639d2\" class=\"twae-vertical twae-wrapper  twae-both-sided\">   \n    <div class=\"twae-start\"><\/div>    \n    <div id=\"twea-timeline-ba639d2\" class=\"twae-timeline\" ><!-- Start of Story Repeater Content --><div id=\"story-14ae657\" class=\"twae-story twae-repeater-item twae-story-right twae-story-no-icon\"><!-- Story Label --><div class=\"twae-labels\"><div class=\"twae-label-big\">1998<\/div><\/div><!-- Story Icon --><div class=\"twae-icon\"><i aria-hidden=\"true\" class=\"far fa-clock\"><\/i><\/div><!-- Story Arrow --><div class=\"twae-arrow\"><\/div><!-- Start of Story Content --><div class=\"twae-content\"><!-- Story Title --><div class=\"twae-title\">Funda\u00e7\u00e3o da Unidade Matriz&nbsp;<\/div><!-- Story Description --><div class=\"twae-description\"><p><span class=\"TextRun SCXW206308027 BCX0\" lang=\"PT-BR\" xml:lang=\"PT-BR\" data-contrast=\"auto\"><span class=\"NormalTextRun SCXW206308027 BCX0\">Nasce a\u00a0<\/span><span class=\"NormalTextRun SpellingErrorV2Themed SCXW206308027 BCX0\">Radiocenter<\/span><span class=\"NormalTextRun SCXW206308027 BCX0\">\u00a0Radiologia Odontol\u00f3gica, com o prop\u00f3sito de oferecer exames de imagem de excel\u00eancia e suporte diagn\u00f3stico aos dentistas da regi\u00e3o.<\/span><\/span><span class=\"EOP SCXW206308027 BCX0\" data-ccp-props=\"{&quot;134233117&quot;:false,&quot;134233118&quot;:false,&quot;335551550&quot;:0,&quot;335551620&quot;:0,&quot;335559738&quot;:0,&quot;335559739&quot;:0}\">\u00a0<\/span><\/p><\/div><\/div><\/div><!-- Start of Story Repeater Content --><div id=\"story-ebc2704\" class=\"twae-story twae-repeater-item twae-story-left twae-story-no-icon\"><!-- Story Label --><div class=\"twae-labels\"><div class=\"twae-label-big\">2007<\/div><\/div><!-- Story Icon --><div class=\"twae-icon\"><i aria-hidden=\"true\" class=\"far fa-clock\"><\/i><\/div><!-- Story Arrow --><div class=\"twae-arrow\"><\/div><!-- Start of Story Content --><div class=\"twae-content\"><!-- Story Title --><div class=\"twae-title\">Primeira Tomografia Computadorizada<\/div><!-- Story Description --><div class=\"twae-description\"><p><span class=\"TextRun SCXW106100821 BCX0\" lang=\"PT-BR\" xml:lang=\"PT-BR\" data-contrast=\"auto\"><span class=\"NormalTextRun SCXW106100821 BCX0\">Um marco na hist\u00f3ria da\u00a0<\/span><span class=\"NormalTextRun SpellingErrorV2Themed SCXW106100821 BCX0\">Radiocenter<\/span><span class=\"NormalTextRun SCXW106100821 BCX0\">: a introdu\u00e7\u00e3o da tomografia computadorizada trouxe uma nova dimens\u00e3o \u00e0 interpreta\u00e7\u00e3o radiol\u00f3gica odontol\u00f3gica, elevando a precis\u00e3o diagn\u00f3stica.<\/span><\/span><span class=\"EOP SCXW106100821 BCX0\" data-ccp-props=\"{&quot;134233117&quot;:false,&quot;134233118&quot;:false,&quot;335551550&quot;:0,&quot;335551620&quot;:0,&quot;335559738&quot;:0,&quot;335559739&quot;:0}\">\u00a0<\/span><\/p><\/div><\/div><\/div><!-- Start of Story Repeater Content --><div id=\"story-23cc8ca\" class=\"twae-story twae-repeater-item twae-story-right twae-story-no-icon\"><!-- Story Label --><div class=\"twae-labels\"><div class=\"twae-label-big\">2008<\/div><\/div><!-- Story Icon --><div class=\"twae-icon\"><i aria-hidden=\"true\" class=\"far fa-clock\"><\/i><\/div><!-- Story Arrow --><div class=\"twae-arrow\"><\/div><!-- Start of Story Content --><div class=\"twae-content\"><!-- Story Title --><div class=\"twae-title\">Radiologia 100% Digital  <\/div><!-- Story Description --><div class=\"twae-description\"><p><span class=\"TextRun SCXW94507984 BCX0\" lang=\"PT-BR\" xml:lang=\"PT-BR\" data-contrast=\"auto\"><span class=\"NormalTextRun SCXW94507984 BCX0\"><span class=\"TextRun SCXW127723604 BCX0\" lang=\"PT-BR\" xml:lang=\"PT-BR\" data-contrast=\"auto\"><span class=\"NormalTextRun SCXW127723604 BCX0\">A\u00a0<\/span><span class=\"NormalTextRun SpellingErrorV2Themed SCXW127723604 BCX0\">Radiocenter<\/span><span class=\"NormalTextRun SCXW127723604 BCX0\">\u00a0torna-se pioneira na ado\u00e7\u00e3o completa do sistema digital, garantindo mais agilidade, seguran\u00e7a e qualidade na capta\u00e7\u00e3o e no compartilhamento das imagens.<\/span><\/span><span class=\"EOP SCXW127723604 BCX0\" data-ccp-props=\"{&quot;134233117&quot;:false,&quot;134233118&quot;:false,&quot;335551550&quot;:0,&quot;335551620&quot;:0,&quot;335559738&quot;:0,&quot;335559739&quot;:0}\">\u00a0<\/span> sustentabilidade.<\/span><\/span><span class=\"EOP SCXW94507984 BCX0\" data-ccp-props=\"{}\">\u00a0<\/span><\/p><\/div><\/div><\/div><!-- Start of Story Repeater Content --><div id=\"story-9145aad\" class=\"twae-story twae-repeater-item twae-story-left twae-story-no-icon\"><!-- Story Label --><div class=\"twae-labels\"><div class=\"twae-label-big\">2012<\/div><\/div><!-- Story Icon --><div class=\"twae-icon\"><i aria-hidden=\"true\" class=\"far fa-clock\"><\/i><\/div><!-- Story Arrow --><div class=\"twae-arrow\"><\/div><!-- Start of Story Content --><div class=\"twae-content\"><!-- Story Title --><div class=\"twae-title\">Inaugura\u00e7\u00e3o de uma nova unidade<\/div><!-- Story Description --><div class=\"twae-description\"><p><span class=\"TextRun SCXW219254667 BCX0\" lang=\"PT-BR\" xml:lang=\"PT-BR\" data-contrast=\"auto\"><span class=\"NormalTextRun SCXW219254667 BCX0\">Com o crescimento da demanda e a confian\u00e7a dos profissionais parceiros, a\u00a0<\/span><span class=\"NormalTextRun SpellingErrorV2Themed SCXW219254667 BCX0\">Radiocenter<\/span><span class=\"NormalTextRun SCXW219254667 BCX0\">\u00a0expande sua atua\u00e7\u00e3o, ampliando o acesso a exames de alta qualidade.<\/span><\/span><span class=\"EOP SCXW219254667 BCX0\" data-ccp-props=\"{&quot;134233117&quot;:false,&quot;134233118&quot;:false,&quot;335551550&quot;:0,&quot;335551620&quot;:0,&quot;335559738&quot;:0,&quot;335559739&quot;:0}\">\u00a0<\/span><\/p><\/div><\/div><\/div><!-- Start of Story Repeater Content --><div id=\"story-31f69ae\" class=\"twae-story twae-repeater-item twae-story-right twae-story-no-icon\"><!-- Story Label --><div class=\"twae-labels\"><div class=\"twae-label-big\">2015<\/div><\/div><!-- Story Icon --><div class=\"twae-icon\"><i aria-hidden=\"true\" class=\"far fa-clock\"><\/i><\/div><!-- Story Arrow --><div class=\"twae-arrow\"><\/div><!-- Start of Story Content --><div class=\"twae-content\"><!-- Story Title --><div class=\"twae-title\">Constru\u00e7\u00e3o e inaugura\u00e7\u00e3o de nova sede<\/div><!-- Story Description --><div class=\"twae-description\"><p><span class=\"TextRun SCXW155073245 BCX0\" lang=\"PT-BR\" xml:lang=\"PT-BR\" data-contrast=\"auto\"><span class=\"NormalTextRun SCXW155073245 BCX0\">Um espa\u00e7o moderno, planejado para integrar tecnologia, conforto e efici\u00eancia. A nova sede simboliza o compromisso cont\u00ednuo com a inova\u00e7\u00e3o e a excel\u00eancia no atendimento.<\/span><\/span><span class=\"EOP SCXW155073245 BCX0\" data-ccp-props=\"{&quot;134233117&quot;:false,&quot;134233118&quot;:false,&quot;335551550&quot;:0,&quot;335551620&quot;:0,&quot;335559738&quot;:0,&quot;335559739&quot;:0}\">\u00a0<\/span><\/p><\/div><\/div><\/div><!-- Start of Story Repeater Content --><div id=\"story-31c5747\" class=\"twae-story twae-repeater-item twae-story-left twae-story-no-icon\"><!-- Story Label --><div class=\"twae-labels\"><div class=\"twae-label-big\">2023<\/div><\/div><!-- Story Icon --><div class=\"twae-icon\"><i aria-hidden=\"true\" class=\"far fa-clock\"><\/i><\/div><!-- Story Arrow --><div class=\"twae-arrow\"><\/div><!-- Start of Story Content --><div class=\"twae-content\"><!-- Story Title --><div class=\"twae-title\">Aquisi\u00e7\u00e3o de equipamento de Alta Resolu\u00e7\u00e3o para unidade Medical Center<\/div><!-- Story Description --><div class=\"twae-description\"><p><span class=\"TextRun SCXW129346204 BCX0\" lang=\"PT-BR\" xml:lang=\"PT-BR\" data-contrast=\"auto\"><span class=\"NormalTextRun SCXW129346204 BCX0\">A\u00a0<\/span><span class=\"NormalTextRun SpellingErrorV2Themed SCXW129346204 BCX0\">Radiocenter<\/span><span class=\"NormalTextRun SCXW129346204 BCX0\">\u00a0incorpora nova tecnologia de tomografia de alta resolu\u00e7\u00e3o, aprimorando a defini\u00e7\u00e3o das imagens e fortalecendo a an\u00e1lise radiol\u00f3gica para casos complexos.<\/span><\/span><span class=\"EOP SCXW129346204 BCX0\" data-ccp-props=\"{&quot;134233117&quot;:false,&quot;134233118&quot;:false,&quot;335551550&quot;:0,&quot;335551620&quot;:0,&quot;335559738&quot;:0,&quot;335559739&quot;:0}\">\u00a0<\/span><\/p><\/div><\/div><\/div><!-- Start of Story Repeater Content --><div id=\"story-075dfde\" class=\"twae-story twae-repeater-item twae-story-right twae-story-no-icon\"><!-- Story Label --><div class=\"twae-labels\"><div class=\"twae-label-big\">2025<\/div><\/div><!-- Story Icon --><div class=\"twae-icon\"><i aria-hidden=\"true\" class=\"far fa-clock\"><\/i><\/div><!-- Story Arrow --><div class=\"twae-arrow\"><\/div><!-- Start of Story Content --><div class=\"twae-content\"><!-- Story Title --><div class=\"twae-title\">Aquisi\u00e7\u00e3o de novo aparelho de raios-x panor\u00e2mico.<\/div><!-- Story Description --><div class=\"twae-description\"><p><span class=\"TextRun SCXW266153576 BCX0\" lang=\"PT-BR\" xml:lang=\"PT-BR\" data-contrast=\"auto\"><span class=\"NormalTextRun SCXW266153576 BCX0\">Atualiza\u00e7\u00e3o constante: o novo equipamento panor\u00e2mico refor\u00e7a o padr\u00e3o de qualidade da\u00a0<\/span><span class=\"NormalTextRun SpellingErrorV2Themed SCXW266153576 BCX0\">Radiocenter<\/span><span class=\"NormalTextRun SCXW266153576 BCX0\">, garantindo diagn\u00f3sticos ainda mais n\u00edtidos e eficientes.<\/span><\/span><span class=\"EOP SCXW266153576 BCX0\" data-ccp-props=\"{&quot;134233117&quot;:false,&quot;134233118&quot;:false,&quot;335551550&quot;:0,&quot;335551620&quot;:0,&quot;335559738&quot;:0,&quot;335559739&quot;:0}\">\u00a0<\/span><\/p><\/div><\/div><\/div><\/div>\n    <div class=\"twae-end\"><\/div>\n    <\/div><style type=\"text\/css\">@media (max-width: 1024px){ .twae-wrapper{--tw-ybx-size: 80px !important;}}@media (max-width: 767px){ .twae-wrapper{--tw-ybx-size: 80px !important}}<\/style>\t\t\t\t<\/div>\n\t\t\t\t<\/div>\n\t\t\t\t\t<\/div>\n\t\t\t\t<\/div>\n\t\t\t\t<\/div>\n\t\t","protected":false},"excerpt":{"rendered":"<p>Nossa Hist\u00f3ria Como tudo come\u00e7ou 1998Funda\u00e7\u00e3o da Unidade Matriz&nbsp; Nasce a\u00a0Radiocenter\u00a0Radiologia Odontol\u00f3gica, com o prop\u00f3sito de oferecer exames de imagem de excel\u00eancia e suporte diagn\u00f3stico aos dentistas da regi\u00e3o.\u00a0 2007Primeira Tomografia Computadorizada Um marco na hist\u00f3ria da\u00a0Radiocenter: a introdu\u00e7\u00e3o da tomografia computadorizada trouxe uma nova dimens\u00e3o \u00e0 interpreta\u00e7\u00e3o radiol\u00f3gica odontol\u00f3gica, elevando a precis\u00e3o diagn\u00f3stica.\u00a0 2008Radiologia [&hellip;]<\/p>\n","protected":false},"author":1,"featured_media":0,"parent":0,"menu_order":0,"comment_status":"closed","ping_status":"closed","template":"","meta":{"_acf_changed":false,"footnotes":""},"class_list":["post-2642","page","type-page","status-publish","hentry"],"acf":[],"yoast_head":"<!-- This site is optimized with the Yoast SEO plugin v26.2 - https:\/\/yoast.com\/wordpress\/plugins\/seo\/ -->\n<title>Nossa Hist\u00f3ria - Radiocenter Digital<\/title>\n<meta name=\"robots\" content=\"index, follow, max-snippet:-1, max-image-preview:large, max-video-preview:-1\" \/>\n<link rel=\"canonical\" href=\"https:\/\/radiocenterdigital.com\/new\/nossa-historia\/\" \/>\n<meta property=\"og:locale\" content=\"pt_BR\" \/>\n<meta property=\"og:type\" content=\"article\" \/>\n<meta property=\"og:title\" content=\"Nossa Hist\u00f3ria - Radiocenter Digital\" \/>\n<meta property=\"og:description\" content=\"Nossa Hist\u00f3ria Como tudo come\u00e7ou 1998Funda\u00e7\u00e3o da Unidade Matriz&nbsp; Nasce a\u00a0Radiocenter\u00a0Radiologia Odontol\u00f3gica, com o prop\u00f3sito de oferecer exames de imagem de excel\u00eancia e suporte diagn\u00f3stico aos dentistas da regi\u00e3o.\u00a0 2007Primeira Tomografia Computadorizada Um marco na hist\u00f3ria da\u00a0Radiocenter: a introdu\u00e7\u00e3o da tomografia computadorizada trouxe uma nova dimens\u00e3o \u00e0 interpreta\u00e7\u00e3o radiol\u00f3gica odontol\u00f3gica, elevando a precis\u00e3o diagn\u00f3stica.\u00a0 2008Radiologia [&hellip;]\" \/>\n<meta property=\"og:url\" content=\"https:\/\/radiocenterdigital.com\/new\/nossa-historia\/\" \/>\n<meta property=\"og:site_name\" content=\"Radiocenter Digital\" \/>\n<meta property=\"article:modified_time\" content=\"2025-10-21T19:24:35+00:00\" \/>\n<meta name=\"twitter:card\" content=\"summary_large_image\" \/>\n<meta name=\"twitter:label1\" content=\"Est. tempo de leitura\" \/>\n\t<meta name=\"twitter:data1\" content=\"2 minutos\" \/>\n<script type=\"application\/ld+json\" class=\"yoast-schema-graph\">{\"@context\":\"https:\/\/schema.org\",\"@graph\":[{\"@type\":\"WebPage\",\"@id\":\"https:\/\/radiocenterdigital.com\/new\/nossa-historia\/\",\"url\":\"https:\/\/radiocenterdigital.com\/new\/nossa-historia\/\",\"name\":\"Nossa Hist\u00f3ria - Radiocenter Digital\",\"isPartOf\":{\"@id\":\"https:\/\/radiocenterdigital.com\/new\/#website\"},\"datePublished\":\"2024-12-19T22:37:24+00:00\",\"dateModified\":\"2025-10-21T19:24:35+00:00\",\"breadcrumb\":{\"@id\":\"https:\/\/radiocenterdigital.com\/new\/nossa-historia\/#breadcrumb\"},\"inLanguage\":\"pt-BR\",\"potentialAction\":[{\"@type\":\"ReadAction\",\"target\":[\"https:\/\/radiocenterdigital.com\/new\/nossa-historia\/\"]}]},{\"@type\":\"BreadcrumbList\",\"@id\":\"https:\/\/radiocenterdigital.com\/new\/nossa-historia\/#breadcrumb\",\"itemListElement\":[{\"@type\":\"ListItem\",\"position\":1,\"name\":\"Home\",\"item\":\"https:\/\/radiocenterdigital.com\/new\/\"},{\"@type\":\"ListItem\",\"position\":2,\"name\":\"Nossa Hist\u00f3ria\"}]},{\"@type\":\"WebSite\",\"@id\":\"https:\/\/radiocenterdigital.com\/new\/#website\",\"url\":\"https:\/\/radiocenterdigital.com\/new\/\",\"name\":\"Radiocenter Digital\",\"description\":\"\",\"potentialAction\":[{\"@type\":\"SearchAction\",\"target\":{\"@type\":\"EntryPoint\",\"urlTemplate\":\"https:\/\/radiocenterdigital.com\/new\/?s={search_term_string}\"},\"query-input\":{\"@type\":\"PropertyValueSpecification\",\"valueRequired\":true,\"valueName\":\"search_term_string\"}}],\"inLanguage\":\"pt-BR\"}]}<\/script>\n<!-- \/ Yoast SEO plugin. -->","yoast_head_json":{"title":"Nossa Hist\u00f3ria - Radiocenter Digital","robots":{"index":"index","follow":"follow","max-snippet":"max-snippet:-1","max-image-preview":"max-image-preview:large","max-video-preview":"max-video-preview:-1"},"canonical":"https:\/\/radiocenterdigital.com\/new\/nossa-historia\/","og_locale":"pt_BR","og_type":"article","og_title":"Nossa Hist\u00f3ria - Radiocenter Digital","og_description":"Nossa Hist\u00f3ria Como tudo come\u00e7ou 1998Funda\u00e7\u00e3o da Unidade Matriz&nbsp; Nasce a\u00a0Radiocenter\u00a0Radiologia Odontol\u00f3gica, com o prop\u00f3sito de oferecer exames de imagem de excel\u00eancia e suporte diagn\u00f3stico aos dentistas da regi\u00e3o.\u00a0 2007Primeira Tomografia Computadorizada Um marco na hist\u00f3ria da\u00a0Radiocenter: a introdu\u00e7\u00e3o da tomografia computadorizada trouxe uma nova dimens\u00e3o \u00e0 interpreta\u00e7\u00e3o radiol\u00f3gica odontol\u00f3gica, elevando a precis\u00e3o diagn\u00f3stica.\u00a0 2008Radiologia [&hellip;]","og_url":"https:\/\/radiocenterdigital.com\/new\/nossa-historia\/","og_site_name":"Radiocenter Digital","article_modified_time":"2025-10-21T19:24:35+00:00","twitter_card":"summary_large_image","twitter_misc":{"Est. tempo de leitura":"2 minutos"},"schema":{"@context":"https:\/\/schema.org","@graph":[{"@type":"WebPage","@id":"https:\/\/radiocenterdigital.com\/new\/nossa-historia\/","url":"https:\/\/radiocenterdigital.com\/new\/nossa-historia\/","name":"Nossa Hist\u00f3ria - Radiocenter Digital","isPartOf":{"@id":"https:\/\/radiocenterdigital.com\/new\/#website"},"datePublished":"2024-12-19T22:37:24+00:00","dateModified":"2025-10-21T19:24:35+00:00","breadcrumb":{"@id":"https:\/\/radiocenterdigital.com\/new\/nossa-historia\/#breadcrumb"},"inLanguage":"pt-BR","potentialAction":[{"@type":"ReadAction","target":["https:\/\/radiocenterdigital.com\/new\/nossa-historia\/"]}]},{"@type":"BreadcrumbList","@id":"https:\/\/radiocenterdigital.com\/new\/nossa-historia\/#breadcrumb","itemListElement":[{"@type":"ListItem","position":1,"name":"Home","item":"https:\/\/radiocenterdigital.com\/new\/"},{"@type":"ListItem","position":2,"name":"Nossa Hist\u00f3ria"}]},{"@type":"WebSite","@id":"https:\/\/radiocenterdigital.com\/new\/#website","url":"https:\/\/radiocenterdigital.com\/new\/","name":"Radiocenter Digital","description":"","potentialAction":[{"@type":"SearchAction","target":{"@type":"EntryPoint","urlTemplate":"https:\/\/radiocenterdigital.com\/new\/?s={search_term_string}"},"query-input":{"@type":"PropertyValueSpecification","valueRequired":true,"valueName":"search_term_string"}}],"inLanguage":"pt-BR"}]}},"_links":{"self":[{"href":"https:\/\/radiocenterdigital.com\/new\/wp-json\/wp\/v2\/pages\/2642","targetHints":{"allow":["GET"]}}],"collection":[{"href":"https:\/\/radiocenterdigital.com\/new\/wp-json\/wp\/v2\/pages"}],"about":[{"href":"https:\/\/radiocenterdigital.com\/new\/wp-json\/wp\/v2\/types\/page"}],"author":[{"embeddable":true,"href":"https:\/\/radiocenterdigital.com\/new\/wp-json\/wp\/v2\/users\/1"}],"replies":[{"embeddable":true,"href":"https:\/\/radiocenterdigital.com\/new\/wp-json\/wp\/v2\/comments?post=2642"}],"version-history":[{"count":34,"href":"https:\/\/radiocenterdigital.com\/new\/wp-json\/wp\/v2\/pages\/2642\/revisions"}],"predecessor-version":[{"id":7914,"href":"https:\/\/radiocenterdigital.com\/new\/wp-json\/wp\/v2\/pages\/2642\/revisions\/7914"}],"wp:attachment":[{"href":"https:\/\/radiocenterdigital.com\/new\/wp-json\/wp\/v2\/media?parent=2642"}],"curies":[{"name":"wp","href":"https:\/\/api.w.org\/{rel}","templated":true}]}}