{"id":2644,"date":"2024-12-19T19:37:37","date_gmt":"2024-12-19T22:37:37","guid":{"rendered":"https:\/\/radiocenterdigital.com\/new\/?page_id=2644"},"modified":"2025-10-29T15:45:46","modified_gmt":"2025-10-29T18:45:46","slug":"diferenciais","status":"publish","type":"page","link":"https:\/\/radiocenterdigital.com\/new\/diferenciais\/","title":{"rendered":"Diferenciais"},"content":{"rendered":"\t\t<div data-elementor-type=\"wp-page\" data-elementor-id=\"2644\" class=\"elementor elementor-2644\" data-elementor-post-type=\"page\">\n\t\t\t\t<div class=\"elementor-element elementor-element-16f58c4 e-flex e-con-boxed e-con e-parent\" data-id=\"16f58c4\" data-element_type=\"container\" data-e-type=\"container\" data-settings=\"{&quot;background_background&quot;:&quot;classic&quot;}\">\n\t\t\t\t\t<div class=\"e-con-inner\">\n\t\t<div class=\"elementor-element elementor-element-4d7831d4 e-con-full e-flex e-con e-child\" data-id=\"4d7831d4\" data-element_type=\"container\" data-e-type=\"container\">\n\t\t<div class=\"elementor-element elementor-element-52e46cce e-con-full e-flex e-con e-child\" data-id=\"52e46cce\" data-element_type=\"container\" data-e-type=\"container\">\n\t\t\t\t<div class=\"elementor-element elementor-element-2ffe908b elementor-widget-divider--view-line_text elementor-widget-divider--element-align-left elementor-invisible elementor-widget elementor-widget-divider\" data-id=\"2ffe908b\" data-element_type=\"widget\" data-e-type=\"widget\" data-settings=\"{&quot;_animation&quot;:&quot;fadeInUp&quot;}\" data-widget_type=\"divider.default\">\n\t\t\t\t<div class=\"elementor-widget-container\">\n\t\t\t\t\t\t\t<div class=\"elementor-divider\">\n\t\t\t<span class=\"elementor-divider-separator\">\n\t\t\t\t\t\t\t<h3 class=\"elementor-divider__text elementor-divider__element\">\n\t\t\t\tDiferenciais\t\t\t\t<\/h3>\n\t\t\t\t\t\t<\/span>\n\t\t<\/div>\n\t\t\t\t\t\t<\/div>\n\t\t\t\t<\/div>\n\t\t\t\t<div class=\"elementor-element elementor-element-3a2e912a elementor-invisible elementor-widget elementor-widget-heading\" data-id=\"3a2e912a\" data-element_type=\"widget\" data-e-type=\"widget\" data-settings=\"{&quot;_animation&quot;:&quot;fadeInUp&quot;,&quot;_animation_delay&quot;:200}\" data-widget_type=\"heading.default\">\n\t\t\t\t<div class=\"elementor-widget-container\">\n\t\t\t\t\t<h3 class=\"elementor-heading-title elementor-size-default\">Nossos diferenciais\n<\/h3>\t\t\t\t<\/div>\n\t\t\t\t<\/div>\n\t\t\t\t<\/div>\n\t\t\t\t<div class=\"elementor-element elementor-element-5bda54c6 elementor-invisible elementor-widget elementor-widget-icon-box\" data-id=\"5bda54c6\" data-element_type=\"widget\" data-e-type=\"widget\" data-settings=\"{&quot;_animation&quot;:&quot;fadeInLeft&quot;,&quot;_animation_delay&quot;:200}\" data-widget_type=\"icon-box.default\">\n\t\t\t\t<div class=\"elementor-widget-container\">\n\t\t\t\t\t\t\t<div class=\"elementor-icon-box-wrapper\">\n\n\t\t\t\n\t\t\t\t\t\t<div class=\"elementor-icon-box-content\">\n\n\t\t\t\t\t\t\t\t\t<h4 class=\"elementor-icon-box-title\">\n\t\t\t\t\t\t<span  >\n\t\t\t\t\t\t\tTradi\u00e7\u00e3o\t\t\t\t\t\t<\/span>\n\t\t\t\t\t<\/h4>\n\t\t\t\t\n\t\t\t\t\t\t\t\t\t<p class=\"elementor-icon-box-description\">\n\t\t\t\t\t\tNossa experi\u00eancia na \u00e1rea de diagn\u00f3sticos por imagem, sempre com m\u00e1xima preocupa\u00e7\u00e3o e dedica\u00e7\u00e3o aos nossos dentistas parceiros e pacientes, comprovam ainda mais a qualidade dos nossos atendimentos.\t\t\t\t\t<\/p>\n\t\t\t\t\n\t\t\t<\/div>\n\t\t\t\n\t\t<\/div>\n\t\t\t\t\t\t<\/div>\n\t\t\t\t<\/div>\n\t\t\t\t<div class=\"elementor-element elementor-element-48950e2f elementor-invisible elementor-widget elementor-widget-icon-box\" data-id=\"48950e2f\" data-element_type=\"widget\" data-e-type=\"widget\" data-settings=\"{&quot;_animation&quot;:&quot;fadeInLeft&quot;,&quot;_animation_delay&quot;:200}\" data-widget_type=\"icon-box.default\">\n\t\t\t\t<div class=\"elementor-widget-container\">\n\t\t\t\t\t\t\t<div class=\"elementor-icon-box-wrapper\">\n\n\t\t\t\n\t\t\t\t\t\t<div class=\"elementor-icon-box-content\">\n\n\t\t\t\t\t\t\t\t\t<h4 class=\"elementor-icon-box-title\">\n\t\t\t\t\t\t<span  >\n\t\t\t\t\t\t\tDiversidade em exames\t\t\t\t\t\t<\/span>\n\t\t\t\t\t<\/h4>\n\t\t\t\t\n\t\t\t\t\t\t\t\t\t<p class=\"elementor-icon-box-description\">\n\t\t\t\t\t\tAl\u00e9m de tom\u00f3grafos de Alta Resolu\u00e7\u00e3o, dispomos de exames diversos, entre Radiologia Panor\u00e2mica, Escaneamento Intraoral e Documenta\u00e7\u00f5es Ortod\u00f4nticas.\t\t\t\t\t<\/p>\n\t\t\t\t\n\t\t\t<\/div>\n\t\t\t\n\t\t<\/div>\n\t\t\t\t\t\t<\/div>\n\t\t\t\t<\/div>\n\t\t\t\t<div class=\"elementor-element elementor-element-2d6da682 elementor-invisible elementor-widget elementor-widget-icon-box\" data-id=\"2d6da682\" data-element_type=\"widget\" data-e-type=\"widget\" data-settings=\"{&quot;_animation&quot;:&quot;fadeInLeft&quot;,&quot;_animation_delay&quot;:200}\" data-widget_type=\"icon-box.default\">\n\t\t\t\t<div class=\"elementor-widget-container\">\n\t\t\t\t\t\t\t<div class=\"elementor-icon-box-wrapper\">\n\n\t\t\t\n\t\t\t\t\t\t<div class=\"elementor-icon-box-content\">\n\n\t\t\t\t\t\t\t\t\t<h4 class=\"elementor-icon-box-title\">\n\t\t\t\t\t\t<span  >\n\t\t\t\t\t\t\tAtendimento personalizado\t\t\t\t\t\t<\/span>\n\t\t\t\t\t<\/h4>\n\t\t\t\t\n\t\t\t\t\t\t\t\t\t<p class=\"elementor-icon-box-description\">\n\t\t\t\t\t\tContamos com uma equipe t\u00e9cnica especializada em radiologia odontol\u00f3gica, preparada para realizar um atendimento humanizado e com excel\u00eancia. \t\t\t\t\t<\/p>\n\t\t\t\t\n\t\t\t<\/div>\n\t\t\t\n\t\t<\/div>\n\t\t\t\t\t\t<\/div>\n\t\t\t\t<\/div>\n\t\t\t\t<\/div>\n\t\t<div class=\"elementor-element elementor-element-523869bb e-con-full e-flex e-con e-child\" data-id=\"523869bb\" data-element_type=\"container\" data-e-type=\"container\" data-settings=\"{&quot;background_background&quot;:&quot;classic&quot;}\">\n\t\t\t\t<div class=\"elementor-element elementor-element-145cd609 elementor-widget elementor-widget-spacer\" data-id=\"145cd609\" data-element_type=\"widget\" data-e-type=\"widget\" data-widget_type=\"spacer.default\">\n\t\t\t\t<div class=\"elementor-widget-container\">\n\t\t\t\t\t\t\t<div class=\"elementor-spacer\">\n\t\t\t<div class=\"elementor-spacer-inner\"><\/div>\n\t\t<\/div>\n\t\t\t\t\t\t<\/div>\n\t\t\t\t<\/div>\n\t\t\t\t<\/div>\n\t\t<div class=\"elementor-element elementor-element-3e337e45 e-con-full e-flex e-con e-child\" data-id=\"3e337e45\" data-element_type=\"container\" data-e-type=\"container\">\n\t\t<div class=\"elementor-element elementor-element-5a5dcc8e e-con-full e-flex e-con e-child\" data-id=\"5a5dcc8e\" data-element_type=\"container\" data-e-type=\"container\" data-settings=\"{&quot;background_background&quot;:&quot;classic&quot;}\">\n\t\t\t\t<div class=\"elementor-element elementor-element-cae4490 elementor-invisible elementor-widget elementor-widget-icon-box\" data-id=\"cae4490\" data-element_type=\"widget\" data-e-type=\"widget\" data-settings=\"{&quot;_animation&quot;:&quot;fadeInLeft&quot;}\" data-widget_type=\"icon-box.default\">\n\t\t\t\t<div class=\"elementor-widget-container\">\n\t\t\t\t\t\t\t<div class=\"elementor-icon-box-wrapper\">\n\n\t\t\t\n\t\t\t\t\t\t<div class=\"elementor-icon-box-content\">\n\n\t\t\t\t\t\t\t\t\t<h4 class=\"elementor-icon-box-title\">\n\t\t\t\t\t\t<span  >\n\t\t\t\t\t\t\tTecnologia Qualificada\t\t\t\t\t\t<\/span>\n\t\t\t\t\t<\/h4>\n\t\t\t\t\n\t\t\t\t\t\t\t\t\t<p class=\"elementor-icon-box-description\">\n\t\t\t\t\t\tVisando sempre orimizar a sua pr\u00e1tica cl\u00ednica disponibilizamos equipamentos modernos e tom\u00f3grafo de alta resolu\u00e7\u00e3o.\t\t\t\t\t<\/p>\n\t\t\t\t\n\t\t\t<\/div>\n\t\t\t\n\t\t<\/div>\n\t\t\t\t\t\t<\/div>\n\t\t\t\t<\/div>\n\t\t\t\t<div class=\"elementor-element elementor-element-39febbec elementor-invisible elementor-widget elementor-widget-icon-box\" data-id=\"39febbec\" data-element_type=\"widget\" data-e-type=\"widget\" data-settings=\"{&quot;_animation&quot;:&quot;fadeInLeft&quot;,&quot;_animation_delay&quot;:200}\" data-widget_type=\"icon-box.default\">\n\t\t\t\t<div class=\"elementor-widget-container\">\n\t\t\t\t\t\t\t<div class=\"elementor-icon-box-wrapper\">\n\n\t\t\t\n\t\t\t\t\t\t<div class=\"elementor-icon-box-content\">\n\n\t\t\t\t\t\t\t\t\t<h4 class=\"elementor-icon-box-title\">\n\t\t\t\t\t\t<span  >\n\t\t\t\t\t\t\tPraticidade e rapidez\t\t\t\t\t\t<\/span>\n\t\t\t\t\t<\/h4>\n\t\t\t\t\n\t\t\t\t\t\t\t\t\t<p class=\"elementor-icon-box-description\">\n\t\t\t\t\t\tExames com necessidade de entrega r\u00e1pida podem ser solicitados \u00e0 nossa equipe no Canal exclusivo de atendimento ao dentista.\t\t\t\t\t<\/p>\n\t\t\t\t\n\t\t\t<\/div>\n\t\t\t\n\t\t<\/div>\n\t\t\t\t\t\t<\/div>\n\t\t\t\t<\/div>\n\t\t\t\t<div class=\"elementor-element elementor-element-4aab7854 elementor-invisible elementor-widget elementor-widget-icon-box\" data-id=\"4aab7854\" data-element_type=\"widget\" data-e-type=\"widget\" data-settings=\"{&quot;_animation&quot;:&quot;fadeInLeft&quot;,&quot;_animation_delay&quot;:400}\" data-widget_type=\"icon-box.default\">\n\t\t\t\t<div class=\"elementor-widget-container\">\n\t\t\t\t\t\t\t<div class=\"elementor-icon-box-wrapper\">\n\n\t\t\t\n\t\t\t\t\t\t<div class=\"elementor-icon-box-content\">\n\n\t\t\t\t\t\t\t\t\t<h4 class=\"elementor-icon-box-title\">\n\t\t\t\t\t\t<span  >\n\t\t\t\t\t\t\tF\u00e1cil localiza\u00e7\u00e3o\t\t\t\t\t\t<\/span>\n\t\t\t\t\t<\/h4>\n\t\t\t\t\n\t\t\t\t\t\t\t\t\t<p class=\"elementor-icon-box-description\">\n\t\t\t\t\t\tPossu\u00edmos duas unidades localizadas no centro e no bairro Melo.\t\t\t\t\t<\/p>\n\t\t\t\t\n\t\t\t<\/div>\n\t\t\t\n\t\t<\/div>\n\t\t\t\t\t\t<\/div>\n\t\t\t\t<\/div>\n\t\t\t\t<\/div>\n\t\t\t\t<\/div>\n\t\t\t\t\t<\/div>\n\t\t\t\t<\/div>\n\t\t\t\t<\/div>\n\t\t","protected":false},"excerpt":{"rendered":"<p>Diferenciais Nossos diferenciais Tradi\u00e7\u00e3o Nossa experi\u00eancia na \u00e1rea de diagn\u00f3sticos por imagem, sempre com m\u00e1xima preocupa\u00e7\u00e3o e dedica\u00e7\u00e3o aos nossos dentistas parceiros e pacientes, comprovam ainda mais a qualidade dos nossos atendimentos. Diversidade em exames Al\u00e9m de tom\u00f3grafos de Alta Resolu\u00e7\u00e3o, dispomos de exames diversos, entre Radiologia Panor\u00e2mica, Escaneamento Intraoral e Documenta\u00e7\u00f5es Ortod\u00f4nticas. Atendimento personalizado [&hellip;]<\/p>\n","protected":false},"author":1,"featured_media":0,"parent":0,"menu_order":0,"comment_status":"closed","ping_status":"closed","template":"","meta":{"_acf_changed":false,"footnotes":""},"class_list":["post-2644","page","type-page","status-publish","hentry"],"acf":[],"yoast_head":"<!-- This site is optimized with the Yoast SEO plugin v26.2 - https:\/\/yoast.com\/wordpress\/plugins\/seo\/ -->\n<title>Diferenciais - Radiocenter Digital<\/title>\n<meta name=\"robots\" content=\"index, follow, max-snippet:-1, max-image-preview:large, max-video-preview:-1\" \/>\n<link rel=\"canonical\" href=\"https:\/\/radiocenterdigital.com\/new\/diferenciais\/\" \/>\n<meta property=\"og:locale\" content=\"pt_BR\" \/>\n<meta property=\"og:type\" content=\"article\" \/>\n<meta property=\"og:title\" content=\"Diferenciais - Radiocenter Digital\" \/>\n<meta property=\"og:description\" content=\"Diferenciais Nossos diferenciais Tradi\u00e7\u00e3o Nossa experi\u00eancia na \u00e1rea de diagn\u00f3sticos por imagem, sempre com m\u00e1xima preocupa\u00e7\u00e3o e dedica\u00e7\u00e3o aos nossos dentistas parceiros e pacientes, comprovam ainda mais a qualidade dos nossos atendimentos. Diversidade em exames Al\u00e9m de tom\u00f3grafos de Alta Resolu\u00e7\u00e3o, dispomos de exames diversos, entre Radiologia Panor\u00e2mica, Escaneamento Intraoral e Documenta\u00e7\u00f5es Ortod\u00f4nticas. Atendimento personalizado [&hellip;]\" \/>\n<meta property=\"og:url\" content=\"https:\/\/radiocenterdigital.com\/new\/diferenciais\/\" \/>\n<meta property=\"og:site_name\" content=\"Radiocenter Digital\" \/>\n<meta property=\"article:modified_time\" content=\"2025-10-29T18:45:46+00:00\" \/>\n<meta name=\"twitter:card\" content=\"summary_large_image\" \/>\n<meta name=\"twitter:label1\" content=\"Est. tempo de leitura\" \/>\n\t<meta name=\"twitter:data1\" content=\"1 minuto\" \/>\n<script type=\"application\/ld+json\" class=\"yoast-schema-graph\">{\"@context\":\"https:\/\/schema.org\",\"@graph\":[{\"@type\":\"WebPage\",\"@id\":\"https:\/\/radiocenterdigital.com\/new\/diferenciais\/\",\"url\":\"https:\/\/radiocenterdigital.com\/new\/diferenciais\/\",\"name\":\"Diferenciais - Radiocenter Digital\",\"isPartOf\":{\"@id\":\"https:\/\/radiocenterdigital.com\/new\/#website\"},\"datePublished\":\"2024-12-19T22:37:37+00:00\",\"dateModified\":\"2025-10-29T18:45:46+00:00\",\"breadcrumb\":{\"@id\":\"https:\/\/radiocenterdigital.com\/new\/diferenciais\/#breadcrumb\"},\"inLanguage\":\"pt-BR\",\"potentialAction\":[{\"@type\":\"ReadAction\",\"target\":[\"https:\/\/radiocenterdigital.com\/new\/diferenciais\/\"]}]},{\"@type\":\"BreadcrumbList\",\"@id\":\"https:\/\/radiocenterdigital.com\/new\/diferenciais\/#breadcrumb\",\"itemListElement\":[{\"@type\":\"ListItem\",\"position\":1,\"name\":\"Home\",\"item\":\"https:\/\/radiocenterdigital.com\/new\/\"},{\"@type\":\"ListItem\",\"position\":2,\"name\":\"Diferenciais\"}]},{\"@type\":\"WebSite\",\"@id\":\"https:\/\/radiocenterdigital.com\/new\/#website\",\"url\":\"https:\/\/radiocenterdigital.com\/new\/\",\"name\":\"Radiocenter Digital\",\"description\":\"\",\"potentialAction\":[{\"@type\":\"SearchAction\",\"target\":{\"@type\":\"EntryPoint\",\"urlTemplate\":\"https:\/\/radiocenterdigital.com\/new\/?s={search_term_string}\"},\"query-input\":{\"@type\":\"PropertyValueSpecification\",\"valueRequired\":true,\"valueName\":\"search_term_string\"}}],\"inLanguage\":\"pt-BR\"}]}<\/script>\n<!-- \/ Yoast SEO plugin. -->","yoast_head_json":{"title":"Diferenciais - Radiocenter Digital","robots":{"index":"index","follow":"follow","max-snippet":"max-snippet:-1","max-image-preview":"max-image-preview:large","max-video-preview":"max-video-preview:-1"},"canonical":"https:\/\/radiocenterdigital.com\/new\/diferenciais\/","og_locale":"pt_BR","og_type":"article","og_title":"Diferenciais - Radiocenter Digital","og_description":"Diferenciais Nossos diferenciais Tradi\u00e7\u00e3o Nossa experi\u00eancia na \u00e1rea de diagn\u00f3sticos por imagem, sempre com m\u00e1xima preocupa\u00e7\u00e3o e dedica\u00e7\u00e3o aos nossos dentistas parceiros e pacientes, comprovam ainda mais a qualidade dos nossos atendimentos. Diversidade em exames Al\u00e9m de tom\u00f3grafos de Alta Resolu\u00e7\u00e3o, dispomos de exames diversos, entre Radiologia Panor\u00e2mica, Escaneamento Intraoral e Documenta\u00e7\u00f5es Ortod\u00f4nticas. Atendimento personalizado [&hellip;]","og_url":"https:\/\/radiocenterdigital.com\/new\/diferenciais\/","og_site_name":"Radiocenter Digital","article_modified_time":"2025-10-29T18:45:46+00:00","twitter_card":"summary_large_image","twitter_misc":{"Est. tempo de leitura":"1 minuto"},"schema":{"@context":"https:\/\/schema.org","@graph":[{"@type":"WebPage","@id":"https:\/\/radiocenterdigital.com\/new\/diferenciais\/","url":"https:\/\/radiocenterdigital.com\/new\/diferenciais\/","name":"Diferenciais - Radiocenter Digital","isPartOf":{"@id":"https:\/\/radiocenterdigital.com\/new\/#website"},"datePublished":"2024-12-19T22:37:37+00:00","dateModified":"2025-10-29T18:45:46+00:00","breadcrumb":{"@id":"https:\/\/radiocenterdigital.com\/new\/diferenciais\/#breadcrumb"},"inLanguage":"pt-BR","potentialAction":[{"@type":"ReadAction","target":["https:\/\/radiocenterdigital.com\/new\/diferenciais\/"]}]},{"@type":"BreadcrumbList","@id":"https:\/\/radiocenterdigital.com\/new\/diferenciais\/#breadcrumb","itemListElement":[{"@type":"ListItem","position":1,"name":"Home","item":"https:\/\/radiocenterdigital.com\/new\/"},{"@type":"ListItem","position":2,"name":"Diferenciais"}]},{"@type":"WebSite","@id":"https:\/\/radiocenterdigital.com\/new\/#website","url":"https:\/\/radiocenterdigital.com\/new\/","name":"Radiocenter Digital","description":"","potentialAction":[{"@type":"SearchAction","target":{"@type":"EntryPoint","urlTemplate":"https:\/\/radiocenterdigital.com\/new\/?s={search_term_string}"},"query-input":{"@type":"PropertyValueSpecification","valueRequired":true,"valueName":"search_term_string"}}],"inLanguage":"pt-BR"}]}},"_links":{"self":[{"href":"https:\/\/radiocenterdigital.com\/new\/wp-json\/wp\/v2\/pages\/2644","targetHints":{"allow":["GET"]}}],"collection":[{"href":"https:\/\/radiocenterdigital.com\/new\/wp-json\/wp\/v2\/pages"}],"about":[{"href":"https:\/\/radiocenterdigital.com\/new\/wp-json\/wp\/v2\/types\/page"}],"author":[{"embeddable":true,"href":"https:\/\/radiocenterdigital.com\/new\/wp-json\/wp\/v2\/users\/1"}],"replies":[{"embeddable":true,"href":"https:\/\/radiocenterdigital.com\/new\/wp-json\/wp\/v2\/comments?post=2644"}],"version-history":[{"count":16,"href":"https:\/\/radiocenterdigital.com\/new\/wp-json\/wp\/v2\/pages\/2644\/revisions"}],"predecessor-version":[{"id":7951,"href":"https:\/\/radiocenterdigital.com\/new\/wp-json\/wp\/v2\/pages\/2644\/revisions\/7951"}],"wp:attachment":[{"href":"https:\/\/radiocenterdigital.com\/new\/wp-json\/wp\/v2\/media?parent=2644"}],"curies":[{"name":"wp","href":"https:\/\/api.w.org\/{rel}","templated":true}]}}