{"id":2648,"date":"2024-12-19T19:59:32","date_gmt":"2024-12-19T22:59:32","guid":{"rendered":"https:\/\/radiocenterdigital.com\/new\/?page_id=2648"},"modified":"2025-10-27T15:37:51","modified_gmt":"2025-10-27T18:37:51","slug":"equipe","status":"publish","type":"page","link":"https:\/\/radiocenterdigital.com\/new\/equipe\/","title":{"rendered":"Equipe"},"content":{"rendered":"\t\t<div data-elementor-type=\"wp-page\" data-elementor-id=\"2648\" class=\"elementor elementor-2648\" data-elementor-post-type=\"page\">\n\t\t\t\t<div class=\"elementor-element elementor-element-7b41ad2 e-flex e-con-boxed e-con e-parent\" data-id=\"7b41ad2\" data-element_type=\"container\" data-e-type=\"container\" data-settings=\"{&quot;background_background&quot;:&quot;classic&quot;}\">\n\t\t\t\t\t<div class=\"e-con-inner\">\n\t\t<div class=\"elementor-element elementor-element-49ce244a e-con-full e-flex e-con e-child\" data-id=\"49ce244a\" data-element_type=\"container\" data-e-type=\"container\">\n\t\t<div class=\"elementor-element elementor-element-31ddd7bb e-flex e-con-boxed e-con e-child\" data-id=\"31ddd7bb\" data-element_type=\"container\" data-e-type=\"container\">\n\t\t\t\t\t<div class=\"e-con-inner\">\n\t\t\t\t<div class=\"elementor-element elementor-element-3c94516f elementor-widget-divider--view-line_text elementor-widget-divider--element-align-left elementor-invisible elementor-widget elementor-widget-divider\" data-id=\"3c94516f\" data-element_type=\"widget\" data-e-type=\"widget\" data-settings=\"{&quot;_animation&quot;:&quot;fadeInUp&quot;}\" data-widget_type=\"divider.default\">\n\t\t\t\t<div class=\"elementor-widget-container\">\n\t\t\t\t\t\t\t<div class=\"elementor-divider\">\n\t\t\t<span class=\"elementor-divider-separator\">\n\t\t\t\t\t\t\t<h3 class=\"elementor-divider__text elementor-divider__element\">\n\t\t\t\tNossa Equipe\t\t\t\t<\/h3>\n\t\t\t\t\t\t<\/span>\n\t\t<\/div>\n\t\t\t\t\t\t<\/div>\n\t\t\t\t<\/div>\n\t\t\t\t<div class=\"elementor-element elementor-element-4b13c96f elementor-widget__width-inherit elementor-invisible elementor-widget elementor-widget-heading\" data-id=\"4b13c96f\" data-element_type=\"widget\" data-e-type=\"widget\" data-settings=\"{&quot;_animation&quot;:&quot;fadeInUp&quot;,&quot;_animation_delay&quot;:200}\" data-widget_type=\"heading.default\">\n\t\t\t\t<div class=\"elementor-widget-container\">\n\t\t\t\t\t<h3 class=\"elementor-heading-title elementor-size-default\">Expertise e Dedica\u00e7\u00e3o ao Servi\u00e7o do Dentista<\/h3>\t\t\t\t<\/div>\n\t\t\t\t<\/div>\n\t\t\t\t<div class=\"elementor-element elementor-element-ed5534e elementor-widget elementor-widget-text-editor\" data-id=\"ed5534e\" data-element_type=\"widget\" data-e-type=\"widget\" data-widget_type=\"text-editor.default\">\n\t\t\t\t<div class=\"elementor-widget-container\">\n\t\t\t\t\t\t\t\t\t<p>Nosso corpo diretivo re\u00fane profissionais experientes e comprometidos em oferecer excel\u00eancia t\u00e9cnica e suporte especializado ao dentista. Cada decis\u00e3o \u00e9 guiada por um profundo conhecimento cient\u00edfico e pela busca cont\u00ednua por inova\u00e7\u00f5es, garantindo que nossos servi\u00e7os sejam aliados essenciais no planejamento e sucesso dos seus casos cl\u00ednicos.<\/p>\t\t\t\t\t\t\t\t<\/div>\n\t\t\t\t<\/div>\n\t\t\t\t\t<\/div>\n\t\t\t\t<\/div>\n\t\t<div class=\"elementor-element elementor-element-2f822916 e-con-full e-flex e-con e-child\" data-id=\"2f822916\" data-element_type=\"container\" data-e-type=\"container\">\n\t\t<div class=\"elementor-element elementor-element-6070da6 e-con-full e-flex e-con e-child\" data-id=\"6070da6\" data-element_type=\"container\" data-e-type=\"container\">\n\t\t<div class=\"elementor-element elementor-element-aa58625 e-grid e-con-full e-con e-child\" data-id=\"aa58625\" data-element_type=\"container\" data-e-type=\"container\">\n\t\t<div class=\"elementor-element elementor-element-507e13f e-con-full e-flex elementor-invisible e-con e-child\" data-id=\"507e13f\" data-element_type=\"container\" data-e-type=\"container\" data-settings=\"{&quot;animation&quot;:&quot;fadeInUp&quot;}\">\n\t\t\t\t<div class=\"elementor-element elementor-element-35f3b39 elementor-widget elementor-widget-elementskit-team\" data-id=\"35f3b39\" data-element_type=\"widget\" data-e-type=\"widget\" data-widget_type=\"elementskit-team.default\">\n\t\t\t\t<div class=\"elementor-widget-container\">\n\t\t\t\t\t<div class=\"ekit-wid-con\">\t\t\t\t\t\t\t\t\n\t\t<div class=\"profile-card elementor-animation- text-center ekit-team-style-default\">\n\t\t\t\n\t\t\t\t<div class=\"profile-header ekit-team-img ekit-img-overlay ekit-team-img-block\" >\n\t\t\t\t\t<img decoding=\"async\" src=\"https:\/\/radiocenterdigital.com\/new\/wp-content\/uploads\/elementor\/thumbs\/Dr.-Luis-1-re168ylr0fjae9h2z7qatnznf02rsjrxh8vr87hwnc.jpg\" title=\"Dr.-Luis-1\" alt=\"Dr.-Luis-1\" loading=\"lazy\" \/>\t\t\t\t<\/div><!-- .profile-header END -->\n\t\t\t\n\n\t\t\t\t<div class=\"profile-body\">\n\t\t\t\t\t\n\t\t\t\t\t<h2 class=\"profile-title\">\n\t\t\t\t\t\t\t\t\t\t\tDr. Lu\u00eds Ant\u00f4nio Nogueira dos Santos\t\t\t\t\t\t\t\t\t\t<\/h2>\n\t\t\t\t\t<p class=\"profile-designation\">CRO-MG 19475<\/p>\n\t\t\t\t\t\t\t\t\t<\/div><!-- .profile-body END -->\n\n\t\t\t\t\t\t\t\t<\/div>\n\t\t\t\t\t\t\t\n\t\t\t\n\t\t\t\t<\/div>\t\t\t\t<\/div>\n\t\t\t\t<\/div>\n\t\t\t\t<div class=\"elementor-element elementor-element-e4dd710 elementor-widget elementor-widget-text-editor\" data-id=\"e4dd710\" data-element_type=\"widget\" data-e-type=\"widget\" data-widget_type=\"text-editor.default\">\n\t\t\t\t<div class=\"elementor-widget-container\">\n\t\t\t\t\t\t\t\t\t<p>Gradua\u00e7\u00e3o em odontologia pela Faculdade de Odontologia de Tr\u00eas Cora\u00e7\u00f5es \u2013 UNINCOR.<br \/>Especialista em Radiologia Odontol\u00f3gica pela Faculdade de odontologia Tr\u00eas Cora\u00e7\u00f5es \u2013 UNICOR.<br \/>Mestre em Odontologia pela Universidade Federal da Bahia \u2013 UFBA.<br \/>Doutor em Radiologia Odontol\u00f3gica pela Universidade Estadual de Campinas \u2013 UNICAMP.<\/p>\t\t\t\t\t\t\t\t<\/div>\n\t\t\t\t<\/div>\n\t\t\t\t<\/div>\n\t\t<div class=\"elementor-element elementor-element-e251233 e-con-full e-flex elementor-invisible e-con e-child\" data-id=\"e251233\" data-element_type=\"container\" data-e-type=\"container\" data-settings=\"{&quot;animation&quot;:&quot;fadeInUp&quot;}\">\n\t\t\t\t<div class=\"elementor-element elementor-element-951f54b elementor-widget elementor-widget-elementskit-team\" data-id=\"951f54b\" data-element_type=\"widget\" data-e-type=\"widget\" data-widget_type=\"elementskit-team.default\">\n\t\t\t\t<div class=\"elementor-widget-container\">\n\t\t\t\t\t<div class=\"ekit-wid-con\">\t\t\t\t\t\t\t\t\n\t\t<div class=\"profile-card elementor-animation- text-center ekit-team-style-default\">\n\t\t\t\n\t\t\t\t<div class=\"profile-header ekit-team-img ekit-img-overlay ekit-team-img-block\" >\n\t\t\t\t\t<img decoding=\"async\" src=\"https:\/\/radiocenterdigital.com\/new\/wp-content\/uploads\/elementor\/thumbs\/FOTO-ANAMARIA-e1761056733752-re168ylr0fjae9h2z7qatnznf02rsjrxh8vr87hwnc.jpeg\" title=\"FOTO ANAMARIA\" alt=\"FOTO ANAMARIA\" loading=\"lazy\" \/>\t\t\t\t<\/div><!-- .profile-header END -->\n\t\t\t\n\n\t\t\t\t<div class=\"profile-body\">\n\t\t\t\t\t\n\t\t\t\t\t<h2 class=\"profile-title\">\n\t\t\t\t\t\t\t\t\t\t\tDra. Anamaria Lima Laranjeira\t\t\t\t\t\t\t\t\t\t<\/h2>\n\t\t\t\t\t<p class=\"profile-designation\">CRO-MG 34148<\/p>\n\t\t\t\t\t\t\t\t\t<\/div><!-- .profile-body END -->\n\n\t\t\t\t\t\t\t\t<\/div>\n\t\t\t\t\t\t\t\n\t\t\t\n\t\t\t\t<\/div>\t\t\t\t<\/div>\n\t\t\t\t<\/div>\n\t\t\t\t<div class=\"elementor-element elementor-element-370c6a8 elementor-widget elementor-widget-text-editor\" data-id=\"370c6a8\" data-element_type=\"widget\" data-e-type=\"widget\" data-widget_type=\"text-editor.default\">\n\t\t\t\t<div class=\"elementor-widget-container\">\n\t\t\t\t\t\t\t\t\t<p>Gradua\u00e7\u00e3o em Odontologia pela Universidade Estadual de Monte Claros \u2013 UNIMONTES.<br \/>Especialista em Radiologia e Imaginologia pela Universidade Federal de Juiz de Fora UFJF.<br \/>Mestre em Radiologia Odontol\u00f3gica e especialista em Estomatologia pela Faculdade Odontol\u00f3gica e Centro de Pesquisas Odontol\u00f3gicas S\u00e3o Leopoldo Mandic<\/p>\t\t\t\t\t\t\t\t<\/div>\n\t\t\t\t<\/div>\n\t\t\t\t<\/div>\n\t\t<div class=\"elementor-element elementor-element-3a3c78d e-con-full e-flex elementor-invisible e-con e-child\" data-id=\"3a3c78d\" data-element_type=\"container\" data-e-type=\"container\" data-settings=\"{&quot;animation&quot;:&quot;fadeInUp&quot;}\">\n\t\t\t\t<div class=\"elementor-element elementor-element-b47915a elementor-widget elementor-widget-elementskit-team\" data-id=\"b47915a\" data-element_type=\"widget\" data-e-type=\"widget\" data-widget_type=\"elementskit-team.default\">\n\t\t\t\t<div class=\"elementor-widget-container\">\n\t\t\t\t\t<div class=\"ekit-wid-con\">\t\t\t\t\t\t\t\t\n\t\t<div class=\"profile-card elementor-animation- text-center ekit-team-style-default\">\n\t\t\t\n\t\t\t\t<div class=\"profile-header ekit-team-img ekit-img-overlay ekit-team-img-block\" >\n\t\t\t\t\t<img decoding=\"async\" src=\"https:\/\/radiocenterdigital.com\/new\/wp-content\/uploads\/elementor\/thumbs\/DRA.-MEIRE-CRISTIANE-ATUALIZAR-E-CORTAR-re168ylr0fjae9h2z7qatnznf02rsjrxh8vr87hwnc.jpeg\" title=\"DRA. MEIRE CRISTIANE &#8211; ATUALIZAR E CORTAR\" alt=\"DRA. MEIRE CRISTIANE - ATUALIZAR E CORTAR\" loading=\"lazy\" \/>\t\t\t\t<\/div><!-- .profile-header END -->\n\t\t\t\n\n\t\t\t\t<div class=\"profile-body\">\n\t\t\t\t\t\n\t\t\t\t\t<h2 class=\"profile-title\">\n\t\t\t\t\t\t\t\t\t\t\tDra. Meire Cristiane A. Tolentino\t\t\t\t\t\t\t\t\t\t<\/h2>\n\t\t\t\t\t<p class=\"profile-designation\">CRO-MG 40141<\/p>\n\t\t\t\t\t\t\t\t\t<\/div><!-- .profile-body END -->\n\n\t\t\t\t\t\t\t\t<\/div>\n\t\t\t\t\t\t\t\n\t\t\t\n\t\t\t\t<\/div>\t\t\t\t<\/div>\n\t\t\t\t<\/div>\n\t\t\t\t<div class=\"elementor-element elementor-element-ca4d488 elementor-widget elementor-widget-text-editor\" data-id=\"ca4d488\" data-element_type=\"widget\" data-e-type=\"widget\" data-widget_type=\"text-editor.default\">\n\t\t\t\t<div class=\"elementor-widget-container\">\n\t\t\t\t\t\t\t\t\t<p>Gradua\u00e7\u00e3o em Odontologia pela Universidade Estadual de Montes Claros \u2013 UNIMONTES.<br \/>Especialista em Radiologia Odontol\u00f3gica pelo Centro de Estudos Odontol\u00f3gicos do IPSEMG.<\/p>\t\t\t\t\t\t\t\t<\/div>\n\t\t\t\t<\/div>\n\t\t\t\t<\/div>\n\t\t\t\t<\/div>\n\t\t\t\t<\/div>\n\t\t<div class=\"elementor-element elementor-element-956c30a e-grid e-con-full e-con e-child\" data-id=\"956c30a\" data-element_type=\"container\" data-e-type=\"container\">\n\t\t<div class=\"elementor-element elementor-element-2a51e35 e-con-full e-flex elementor-invisible e-con e-child\" data-id=\"2a51e35\" data-element_type=\"container\" data-e-type=\"container\" data-settings=\"{&quot;animation&quot;:&quot;fadeInUp&quot;}\">\n\t\t\t\t<div class=\"elementor-element elementor-element-173310e elementor-widget elementor-widget-elementskit-team\" data-id=\"173310e\" data-element_type=\"widget\" data-e-type=\"widget\" data-widget_type=\"elementskit-team.default\">\n\t\t\t\t<div class=\"elementor-widget-container\">\n\t\t\t\t\t<div class=\"ekit-wid-con\">\t\t\t\t\t\t\t\t\n\t\t<div class=\"profile-card elementor-animation- text-center ekit-team-style-default\">\n\t\t\t\n\t\t\t\t<div class=\"profile-header ekit-team-img ekit-img-overlay ekit-team-img-block\" >\n\t\t\t\t\t<img decoding=\"async\" src=\"https:\/\/radiocenterdigital.com\/new\/wp-content\/uploads\/elementor\/thumbs\/WhatsApp-Image-2025-10-27-at-08.00.41-re168ylr0fipxo4sn51uak5n15mkinsqvrdx78yxls.jpeg\" title=\"WhatsApp Image 2025-10-27 at 08.00.41\" alt=\"WhatsApp Image 2025-10-27 at 08.00.41\" loading=\"lazy\" \/>\t\t\t\t<\/div><!-- .profile-header END -->\n\t\t\t\n\n\t\t\t\t<div class=\"profile-body\">\n\t\t\t\t\t\n\t\t\t\t\t<h2 class=\"profile-title\">\n\t\t\t\t\t\t\t\t\t\t\tDra. Ana Paula D. Leite Mota\t\t\t\t\t\t\t\t\t\t<\/h2>\n\t\t\t\t\t<p class=\"profile-designation\">CRO-MG 54242<\/p>\n\t\t\t\t\t\t\t\t\t<\/div><!-- .profile-body END -->\n\n\t\t\t\t\t\t\t\t<\/div>\n\t\t\t\t\t\t\t\n\t\t\t\n\t\t\t\t<\/div>\t\t\t\t<\/div>\n\t\t\t\t<\/div>\n\t\t\t\t<div class=\"elementor-element elementor-element-0270d67 elementor-widget elementor-widget-text-editor\" data-id=\"0270d67\" data-element_type=\"widget\" data-e-type=\"widget\" data-widget_type=\"text-editor.default\">\n\t\t\t\t<div class=\"elementor-widget-container\">\n\t\t\t\t\t\t\t\t\t<p>Gradua\u00e7\u00e3o em Odontologia pela Universidade Estadual de Monte Claros \u2013 UNIMONTES.<br \/>Especialista em Radiologia e Imaginologia pela Universidade Federal de Juiz de Fora UFJF.<br \/>Mestre em Radiologia Odontol\u00f3gica e especialista em Estomatologia pela Faculdade Odontol\u00f3gica e Centro de Pesquisas Odontol\u00f3gicas S\u00e3o Leopoldo Mandic<\/p>\t\t\t\t\t\t\t\t<\/div>\n\t\t\t\t<\/div>\n\t\t\t\t<\/div>\n\t\t<div class=\"elementor-element elementor-element-0677eae e-con-full e-flex elementor-invisible e-con e-child\" data-id=\"0677eae\" data-element_type=\"container\" data-e-type=\"container\" data-settings=\"{&quot;animation&quot;:&quot;fadeInUp&quot;}\">\n\t\t\t\t<div class=\"elementor-element elementor-element-6cacece elementor-widget elementor-widget-elementskit-team\" data-id=\"6cacece\" data-element_type=\"widget\" data-e-type=\"widget\" data-widget_type=\"elementskit-team.default\">\n\t\t\t\t<div class=\"elementor-widget-container\">\n\t\t\t\t\t<div class=\"ekit-wid-con\">\t\t\t\t\t\t\t\t\n\t\t<div class=\"profile-card elementor-animation- text-center ekit-team-style-default\">\n\t\t\t\n\t\t\t\t<div class=\"profile-header ekit-team-img ekit-img-overlay ekit-team-img-block\" >\n\t\t\t\t\t<img decoding=\"async\" src=\"https:\/\/radiocenterdigital.com\/new\/wp-content\/uploads\/elementor\/thumbs\/Dra.-Kaline-re168ylr0fjae9h2z7qatnznf02rsjrxh8vr87hwnc.jpeg\" title=\"Dra. Kaline\" alt=\"Dra. Kaline\" loading=\"lazy\" \/>\t\t\t\t<\/div><!-- .profile-header END -->\n\t\t\t\n\n\t\t\t\t<div class=\"profile-body\">\n\t\t\t\t\t\n\t\t\t\t\t<h2 class=\"profile-title\">\n\t\t\t\t\t\t\t\t\t\t\tDra. Kaline Lima Aguiar\t\t\t\t\t\t\t\t\t\t<\/h2>\n\t\t\t\t\t<p class=\"profile-designation\">CRO\/MG 63336<\/p>\n\t\t\t\t\t\t\t\t\t<\/div><!-- .profile-body END -->\n\n\t\t\t\t\t\t\t\t<\/div>\n\t\t\t\t\t\t\t\n\t\t\t\n\t\t\t\t<\/div>\t\t\t\t<\/div>\n\t\t\t\t<\/div>\n\t\t\t\t<div class=\"elementor-element elementor-element-0f7f9cc elementor-widget elementor-widget-text-editor\" data-id=\"0f7f9cc\" data-element_type=\"widget\" data-e-type=\"widget\" data-widget_type=\"text-editor.default\">\n\t\t\t\t<div class=\"elementor-widget-container\">\n\t\t\t\t\t\t\t\t\t<p>Gradua\u00e7\u00e3o em Odontologia pela Faculdade de Ci\u00eancias Odontol\u00f3gicas FCO<\/p>\t\t\t\t\t\t\t\t<\/div>\n\t\t\t\t<\/div>\n\t\t\t\t<\/div>\n\t\t<div class=\"elementor-element elementor-element-ad33895 e-con-full e-flex elementor-invisible e-con e-child\" data-id=\"ad33895\" data-element_type=\"container\" data-e-type=\"container\" data-settings=\"{&quot;animation&quot;:&quot;fadeInUp&quot;}\">\n\t\t\t\t<div class=\"elementor-element elementor-element-642ea2b elementor-widget elementor-widget-elementskit-team\" data-id=\"642ea2b\" data-element_type=\"widget\" data-e-type=\"widget\" data-widget_type=\"elementskit-team.default\">\n\t\t\t\t<div class=\"elementor-widget-container\">\n\t\t\t\t\t<div class=\"ekit-wid-con\">\t\t\t\t\t\t\t\t\n\t\t<div class=\"profile-card elementor-animation- text-center ekit-team-style-default\">\n\t\t\t\n\t\t\t\t<div class=\"profile-header ekit-team-img ekit-img-overlay ekit-team-img-block\" >\n\t\t\t\t\t<img decoding=\"async\" src=\"https:\/\/radiocenterdigital.com\/new\/wp-content\/uploads\/elementor\/thumbs\/Dra.-Roberta-re168ylr0fjae9h2z7qatnznf02rsjrxh8vr87hwnc.jpeg\" title=\"Dra. Roberta\" alt=\"Dra. Roberta\" loading=\"lazy\" \/>\t\t\t\t<\/div><!-- .profile-header END -->\n\t\t\t\n\n\t\t\t\t<div class=\"profile-body\">\n\t\t\t\t\t\n\t\t\t\t\t<h2 class=\"profile-title\">\n\t\t\t\t\t\t\t\t\t\t\tDra. Roberta Vict\u00f3ria Santos Nascimento\t\t\t\t\t\t\t\t\t\t<\/h2>\n\t\t\t\t\t<p class=\"profile-designation\">CRO\/MG 70577<\/p>\n\t\t\t\t\t\t\t\t\t<\/div><!-- .profile-body END -->\n\n\t\t\t\t\t\t\t\t<\/div>\n\t\t\t\t\t\t\t\n\t\t\t\n\t\t\t\t<\/div>\t\t\t\t<\/div>\n\t\t\t\t<\/div>\n\t\t\t\t<div class=\"elementor-element elementor-element-4adaf02 elementor-widget elementor-widget-text-editor\" data-id=\"4adaf02\" data-element_type=\"widget\" data-e-type=\"widget\" data-widget_type=\"text-editor.default\">\n\t\t\t\t<div class=\"elementor-widget-container\">\n\t\t\t\t\t\t\t\t\t<p>Gradua\u00e7\u00e3o em Odontologia pela Faculdade de Ci\u00eancias Odontol\u00f3gicas FCO<\/p>\t\t\t\t\t\t\t\t<\/div>\n\t\t\t\t<\/div>\n\t\t\t\t<\/div>\n\t\t\t\t<\/div>\n\t\t\t\t<\/div>\n\t\t\t\t<\/div>\n\t\t\t\t\t<\/div>\n\t\t\t\t<\/div>\n\t\t\t\t<\/div>\n\t\t","protected":false},"excerpt":{"rendered":"<p>Nossa Equipe Expertise e Dedica\u00e7\u00e3o ao Servi\u00e7o do Dentista Nosso corpo diretivo re\u00fane profissionais experientes e comprometidos em oferecer excel\u00eancia t\u00e9cnica e suporte especializado ao dentista. Cada decis\u00e3o \u00e9 guiada por um profundo conhecimento cient\u00edfico e pela busca cont\u00ednua por inova\u00e7\u00f5es, garantindo que nossos servi\u00e7os sejam aliados essenciais no planejamento e sucesso dos seus casos [&hellip;]<\/p>\n","protected":false},"author":1,"featured_media":0,"parent":0,"menu_order":0,"comment_status":"closed","ping_status":"closed","template":"","meta":{"_acf_changed":false,"footnotes":""},"class_list":["post-2648","page","type-page","status-publish","hentry"],"acf":[],"yoast_head":"<!-- This site is optimized with the Yoast SEO plugin v26.2 - https:\/\/yoast.com\/wordpress\/plugins\/seo\/ -->\n<title>Equipe - Radiocenter Digital<\/title>\n<meta name=\"robots\" content=\"index, follow, max-snippet:-1, max-image-preview:large, max-video-preview:-1\" \/>\n<link rel=\"canonical\" href=\"https:\/\/radiocenterdigital.com\/new\/equipe\/\" \/>\n<meta property=\"og:locale\" content=\"pt_BR\" \/>\n<meta property=\"og:type\" content=\"article\" \/>\n<meta property=\"og:title\" content=\"Equipe - Radiocenter Digital\" \/>\n<meta property=\"og:description\" content=\"Nossa Equipe Expertise e Dedica\u00e7\u00e3o ao Servi\u00e7o do Dentista Nosso corpo diretivo re\u00fane profissionais experientes e comprometidos em oferecer excel\u00eancia t\u00e9cnica e suporte especializado ao dentista. Cada decis\u00e3o \u00e9 guiada por um profundo conhecimento cient\u00edfico e pela busca cont\u00ednua por inova\u00e7\u00f5es, garantindo que nossos servi\u00e7os sejam aliados essenciais no planejamento e sucesso dos seus casos [&hellip;]\" \/>\n<meta property=\"og:url\" content=\"https:\/\/radiocenterdigital.com\/new\/equipe\/\" \/>\n<meta property=\"og:site_name\" content=\"Radiocenter Digital\" \/>\n<meta property=\"article:modified_time\" content=\"2025-10-27T18:37:51+00:00\" \/>\n<meta property=\"og:image\" content=\"https:\/\/radiocenterdigital.com\/new\/wp-content\/uploads\/2025\/03\/Dr.-Luis-1-150x150.jpg\" \/>\n<meta name=\"twitter:card\" content=\"summary_large_image\" \/>\n<meta name=\"twitter:label1\" content=\"Est. tempo de leitura\" \/>\n\t<meta name=\"twitter:data1\" content=\"3 minutos\" \/>\n<script type=\"application\/ld+json\" class=\"yoast-schema-graph\">{\"@context\":\"https:\/\/schema.org\",\"@graph\":[{\"@type\":\"WebPage\",\"@id\":\"https:\/\/radiocenterdigital.com\/new\/equipe\/\",\"url\":\"https:\/\/radiocenterdigital.com\/new\/equipe\/\",\"name\":\"Equipe - Radiocenter Digital\",\"isPartOf\":{\"@id\":\"https:\/\/radiocenterdigital.com\/new\/#website\"},\"primaryImageOfPage\":{\"@id\":\"https:\/\/radiocenterdigital.com\/new\/equipe\/#primaryimage\"},\"image\":{\"@id\":\"https:\/\/radiocenterdigital.com\/new\/equipe\/#primaryimage\"},\"thumbnailUrl\":\"https:\/\/radiocenterdigital.com\/new\/wp-content\/uploads\/2025\/03\/Dr.-Luis-1-150x150.jpg\",\"datePublished\":\"2024-12-19T22:59:32+00:00\",\"dateModified\":\"2025-10-27T18:37:51+00:00\",\"breadcrumb\":{\"@id\":\"https:\/\/radiocenterdigital.com\/new\/equipe\/#breadcrumb\"},\"inLanguage\":\"pt-BR\",\"potentialAction\":[{\"@type\":\"ReadAction\",\"target\":[\"https:\/\/radiocenterdigital.com\/new\/equipe\/\"]}]},{\"@type\":\"ImageObject\",\"inLanguage\":\"pt-BR\",\"@id\":\"https:\/\/radiocenterdigital.com\/new\/equipe\/#primaryimage\",\"url\":\"https:\/\/radiocenterdigital.com\/new\/wp-content\/uploads\/2025\/03\/Dr.-Luis-1.jpg\",\"contentUrl\":\"https:\/\/radiocenterdigital.com\/new\/wp-content\/uploads\/2025\/03\/Dr.-Luis-1.jpg\",\"width\":150,\"height\":172},{\"@type\":\"BreadcrumbList\",\"@id\":\"https:\/\/radiocenterdigital.com\/new\/equipe\/#breadcrumb\",\"itemListElement\":[{\"@type\":\"ListItem\",\"position\":1,\"name\":\"Home\",\"item\":\"https:\/\/radiocenterdigital.com\/new\/\"},{\"@type\":\"ListItem\",\"position\":2,\"name\":\"Equipe\"}]},{\"@type\":\"WebSite\",\"@id\":\"https:\/\/radiocenterdigital.com\/new\/#website\",\"url\":\"https:\/\/radiocenterdigital.com\/new\/\",\"name\":\"Radiocenter Digital\",\"description\":\"\",\"potentialAction\":[{\"@type\":\"SearchAction\",\"target\":{\"@type\":\"EntryPoint\",\"urlTemplate\":\"https:\/\/radiocenterdigital.com\/new\/?s={search_term_string}\"},\"query-input\":{\"@type\":\"PropertyValueSpecification\",\"valueRequired\":true,\"valueName\":\"search_term_string\"}}],\"inLanguage\":\"pt-BR\"}]}<\/script>\n<!-- \/ Yoast SEO plugin. -->","yoast_head_json":{"title":"Equipe - Radiocenter Digital","robots":{"index":"index","follow":"follow","max-snippet":"max-snippet:-1","max-image-preview":"max-image-preview:large","max-video-preview":"max-video-preview:-1"},"canonical":"https:\/\/radiocenterdigital.com\/new\/equipe\/","og_locale":"pt_BR","og_type":"article","og_title":"Equipe - Radiocenter Digital","og_description":"Nossa Equipe Expertise e Dedica\u00e7\u00e3o ao Servi\u00e7o do Dentista Nosso corpo diretivo re\u00fane profissionais experientes e comprometidos em oferecer excel\u00eancia t\u00e9cnica e suporte especializado ao dentista. Cada decis\u00e3o \u00e9 guiada por um profundo conhecimento cient\u00edfico e pela busca cont\u00ednua por inova\u00e7\u00f5es, garantindo que nossos servi\u00e7os sejam aliados essenciais no planejamento e sucesso dos seus casos [&hellip;]","og_url":"https:\/\/radiocenterdigital.com\/new\/equipe\/","og_site_name":"Radiocenter Digital","article_modified_time":"2025-10-27T18:37:51+00:00","og_image":[{"url":"https:\/\/radiocenterdigital.com\/new\/wp-content\/uploads\/2025\/03\/Dr.-Luis-1-150x150.jpg","type":"","width":"","height":""}],"twitter_card":"summary_large_image","twitter_misc":{"Est. tempo de leitura":"3 minutos"},"schema":{"@context":"https:\/\/schema.org","@graph":[{"@type":"WebPage","@id":"https:\/\/radiocenterdigital.com\/new\/equipe\/","url":"https:\/\/radiocenterdigital.com\/new\/equipe\/","name":"Equipe - Radiocenter Digital","isPartOf":{"@id":"https:\/\/radiocenterdigital.com\/new\/#website"},"primaryImageOfPage":{"@id":"https:\/\/radiocenterdigital.com\/new\/equipe\/#primaryimage"},"image":{"@id":"https:\/\/radiocenterdigital.com\/new\/equipe\/#primaryimage"},"thumbnailUrl":"https:\/\/radiocenterdigital.com\/new\/wp-content\/uploads\/2025\/03\/Dr.-Luis-1-150x150.jpg","datePublished":"2024-12-19T22:59:32+00:00","dateModified":"2025-10-27T18:37:51+00:00","breadcrumb":{"@id":"https:\/\/radiocenterdigital.com\/new\/equipe\/#breadcrumb"},"inLanguage":"pt-BR","potentialAction":[{"@type":"ReadAction","target":["https:\/\/radiocenterdigital.com\/new\/equipe\/"]}]},{"@type":"ImageObject","inLanguage":"pt-BR","@id":"https:\/\/radiocenterdigital.com\/new\/equipe\/#primaryimage","url":"https:\/\/radiocenterdigital.com\/new\/wp-content\/uploads\/2025\/03\/Dr.-Luis-1.jpg","contentUrl":"https:\/\/radiocenterdigital.com\/new\/wp-content\/uploads\/2025\/03\/Dr.-Luis-1.jpg","width":150,"height":172},{"@type":"BreadcrumbList","@id":"https:\/\/radiocenterdigital.com\/new\/equipe\/#breadcrumb","itemListElement":[{"@type":"ListItem","position":1,"name":"Home","item":"https:\/\/radiocenterdigital.com\/new\/"},{"@type":"ListItem","position":2,"name":"Equipe"}]},{"@type":"WebSite","@id":"https:\/\/radiocenterdigital.com\/new\/#website","url":"https:\/\/radiocenterdigital.com\/new\/","name":"Radiocenter Digital","description":"","potentialAction":[{"@type":"SearchAction","target":{"@type":"EntryPoint","urlTemplate":"https:\/\/radiocenterdigital.com\/new\/?s={search_term_string}"},"query-input":{"@type":"PropertyValueSpecification","valueRequired":true,"valueName":"search_term_string"}}],"inLanguage":"pt-BR"}]}},"_links":{"self":[{"href":"https:\/\/radiocenterdigital.com\/new\/wp-json\/wp\/v2\/pages\/2648","targetHints":{"allow":["GET"]}}],"collection":[{"href":"https:\/\/radiocenterdigital.com\/new\/wp-json\/wp\/v2\/pages"}],"about":[{"href":"https:\/\/radiocenterdigital.com\/new\/wp-json\/wp\/v2\/types\/page"}],"author":[{"embeddable":true,"href":"https:\/\/radiocenterdigital.com\/new\/wp-json\/wp\/v2\/users\/1"}],"replies":[{"embeddable":true,"href":"https:\/\/radiocenterdigital.com\/new\/wp-json\/wp\/v2\/comments?post=2648"}],"version-history":[{"count":98,"href":"https:\/\/radiocenterdigital.com\/new\/wp-json\/wp\/v2\/pages\/2648\/revisions"}],"predecessor-version":[{"id":7943,"href":"https:\/\/radiocenterdigital.com\/new\/wp-json\/wp\/v2\/pages\/2648\/revisions\/7943"}],"wp:attachment":[{"href":"https:\/\/radiocenterdigital.com\/new\/wp-json\/wp\/v2\/media?parent=2648"}],"curies":[{"name":"wp","href":"https:\/\/api.w.org\/{rel}","templated":true}]}}